{"id":100,"date":"2012-05-12T16:03:42","date_gmt":"2012-05-12T16:03:42","guid":{"rendered":"http:\/\/www.j-lawyer.org\/?page_id=100"},"modified":"2024-03-01T22:56:06","modified_gmt":"2024-03-01T21:56:06","slug":"installation-windows","status":"publish","type":"page","link":"https:\/\/www.j-lawyer.org\/?page_id=100","title":{"rendered":"Installation Windows"},"content":{"rendered":"<p><strong>\n            <style>\n                #mica_ecta_1.mica_ecta_layout{\n                    padding-top: 20px !important;\n                    padding-bottom: 20px !important;\n                    padding-left: 30px !important;\n                    padding-right: 30px !important;\n                    border-radius: 10px !important;\n                    background-color: #0e72b5 !important;\n                    text-align: left !important;\n                }\n\n                #mica_ecta_1 .mica_ecta_title{\n                    font-size: 28px !important;\n                    font-weight: 700 !important;\n                    color: #97bf0d !important;\n                    line-height: 1.3 !important;\n                    margin-top: 0 !important;\n                    margin-bottom: 0.5rem !important;\n                }\n\n                #mica_ecta_1 .mica_ecta_text{\n                    font-size: 16px !important;\n                    font-weight: 400 !important;\n                    color: #ffffff !important;\n                    line-height: 1.5 !important;\n                    margin-top: 0 !important;\n                    margin-bottom: 1rem !important;\n                }\n                \n                #mica_ecta_1 .mica_ecta_btn{\n                    font-size: 16px !important;\n                    font-weight: 700 !important;\n                    color: #1b1b1b !important;\n                    background-color: #97bf0d !important;\n                    padding-top: 8px !important;\n                    padding-bottom: 8px !important;\n                    padding-left: 16px !important;\n                    padding-right: 16px !important;\n                    border-radius: 6px !important;\n                    text-decoration: none !important;\n                    outline: none !important;\n                    transition: all 0.3s ease !important;\n                    margin-top: 5px !important;\n                    display: inline-block !important;\n                }\n                \n                #mica_ecta_1 .mica_ecta_btn:hover{\n                    color: #ffffff !important;\n                    background-color: #de313b !important;\n                }\n            <\/style>\n            <div id='mica_ecta_1' class='mica_ecta_layout'><h3 class='mica_ecta_title'>j-lawyer.org in der Cloud ausprobieren<\/h3><p class='mica_ecta_text'>Sie k\u00f6nnen j-lawyer.org selbst betreiben - oder Sie lassen uns das machen. Wir sind die j-lawyer-Experten!\r\n\u2713Hosting in Deutschland     \u2713Support     \u2713einfach und sicher<\/p><a href='https:\/\/j-lawyer.cloud\/cloudzugang-anfordern\/' class='mica_ecta_btn' >Kostenlos testen<\/a><\/div><\/strong><\/p>\n<p><span style=\"color: #339966;\"><strong>Installations-Service:<\/strong><\/span> wenn Sie j-lawyer.org installieren lassen m\u00f6chten oder anderweitigen Beratungsbedarf haben, finden Sie hier entsprechende Kontakte und <a href=\"http:\/\/www.j-lawyer.org\/?page_id=1119\">Dienstleistungen rund um j-lawyer.org<\/a>.<\/p>\n<p><strong>Hinweis:<\/strong> Stellen Sie sicher da\u00df Ihr System die <a href=\"http:\/\/www.j-lawyer.org\/?page_id=88\">Mindestvoraussetzungen<\/a> erf\u00fcllt. Diese Anleitung ist g\u00fcltig f\u00fcr j-lawyer.org ab Version 2.6.<\/p>\n<p>Die Installation gliedert sich in zwei Teile: (1) einem Server, der im Hintergrund l\u00e4uft, f\u00fcr die zentrale Datenhaltung zust\u00e4ndig ist und einen Gro\u00dfteil der &#8222;Arbeit&#8220; \u00fcbernimmt und (2) eine oder mehrere Installationen des Clients, dem eigentlichen Programm das vom Endanwender gestartet und bedient wird. Der Client verbindet sich dazu mit dem Server.<\/p>\n<p>Beide Komponenten werden grunds\u00e4tzlich ben\u00f6tigt, auch bei Einzelplatzinstallationen &#8211; dann befinden sich beide Teile auf dem selben Ger\u00e4t. In einem Netzwerk mit mehreren Nutzern gibt es in der Regel genau eine Serverinstallation und mehrere Clients.<\/p>\n<p><strong>Inhalt:<\/strong><\/p>\n<ol>\n<li><a href=\"#install-server\">Installationsanleitung Server<\/a><\/li>\n<li><a href=\"#install-client\">Installationsanleitung Client<\/a><\/li>\n<\/ol>\n<p><strong><a name=\"install-server\"><\/a>Installation des j-lawyer &#8211; Servers auf Windows-Systemen<\/strong><\/p>\n<p>Diese Anleitung ist g\u00fcltig f\u00fcr Windows 7 und sp\u00e4tere Windowsversionen.<\/p>\n<p>(1) Herunterladen und Installieren<\/p>\n<p>Den im <a href=\"http:\/\/www.j-lawyer.org\/?page_id=17\">Downloadbereich<\/a> heruntergeladenen Installer per Rechtsklick &#8222;als Administrator ausf\u00fchren&#8220;. Folgen Sie den Anweisungen im Installer. Es werden sowohl MySQL als auch der j-lawyer.org Server installiert.<\/p>\n<p>(2) Optional: Dienst pr\u00fcfen<\/p>\n<p>In den Einstellungen des Systems unter &#8222;Dienste&#8220; pr\u00fcfen ob der j-lawyer.org Server &#8211; Dienst vorhanden und gestartet ist.<\/p>\n<p>(3) Optional: Firewall konfigurieren, IP-Konfiguration<\/p>\n<p>Sofern andere Ger\u00e4te auf den j-lawyer &#8211; Server zugreifen sollen, muss am Server die Firewall entsprechend konfiguriert werden. Hier finden Sie eine Anleitung zur <a href=\"http:\/\/www.j-lawyer.org\/?page_id=1755\">Firewallkonfiguration am Beispiel von Windows 10<\/a>.<\/p>\n<p>Au\u00dferdem ist sicherzustellen dass der Server \u00fcber eine feste IP verf\u00fcgt &#8211; entweder \u00fcber einen Router \/ DHCP-Server (empfohlen, ist in den meisten Consumer-Routern wie bspw. der Fritz!Box integriert) oder mit Windows-Bordmitteln.<\/p>\n<p><strong><a name=\"install-client\"><\/a>Installation des j-lawyer &#8211; Clients auf Windows-Systemen<\/strong><\/p>\n<p>Diese Anleitung ist g\u00fcltig f\u00fcr Windows 7 und sp\u00e4tere Windowsversionen.<\/p>\n<p>(1) Herunterladen und Installieren<\/p>\n<p>Den im <a href=\"http:\/\/www.j-lawyer.org\/?page_id=17\">Downloadbereich<\/a> heruntergeladenen Installer per Rechtsklick &#8222;als Administrator ausf\u00fchren&#8220;. Folgen Sie den Anweisungen im Installer. Es werden sowohl LibreOffice als auch der j-lawyer.org Client installiert.<\/p>\n<p>(2) Optional: Client pr\u00fcfen<\/p>\n<p>Starten Sie den j-lawyer.org Client \u00fcber die Verkn\u00fcpfung auf dem Desktop oder im Startmen\u00fc. Im Login-Dialog unter &#8222;Verbindung&#8220; sind in der Regel beide Ports auf 8080 zu setzen.<\/p>\n<p>Es sind zwei Nutzer voreingestellt:<\/p>\n<ul>\n<li>Administrator mit Nutzername &#8222;admin&#8220; und Passwort &#8222;a&#8220;<\/li>\n<li>Nutzer mit Nutzername &#8222;user&#8220; und Passwort &#8222;u&#8220;<\/li>\n<\/ul>\n<p>(3) Einstellungen<\/p>\n<p>Folgen Sie der <a title=\"Kurzanleitung\" href=\"http:\/\/www.j-lawyer.org\/?page_id=32\">Kurzanleitung<\/a>, um die wichtigsten Einstellungen vorzunehmen.<\/p>\n","protected":false},"excerpt":{"rendered":"<p>Installations-Service: wenn Sie j-lawyer.org installieren lassen m\u00f6chten oder anderweitigen Beratungsbedarf haben, finden Sie hier entsprechende Kontakte und Dienstleistungen rund um j-lawyer.org. Hinweis: Stellen Sie sicher da\u00df Ihr System die Mindestvoraussetzungen erf\u00fcllt. Diese Anleitung ist g\u00fcltig f\u00fcr j-lawyer.org ab Version 2.6. Die Installation gliedert sich in zwei Teile: (1) einem Server, der im Hintergrund l\u00e4uft, f\u00fcr [&hellip;]<\/p>\n","protected":false},"author":1,"featured_media":0,"parent":88,"menu_order":0,"comment_status":"open","ping_status":"open","template":"","meta":{"_bbp_topic_count":0,"_bbp_reply_count":0,"_bbp_total_topic_count":0,"_bbp_total_reply_count":0,"_bbp_voice_count":0,"_bbp_anonymous_reply_count":0,"_bbp_topic_count_hidden":0,"_bbp_reply_count_hidden":0,"_bbp_forum_subforum_count":0,"footnotes":""},"class_list":["post-100","page","type-page","status-publish","czr-hentry"],"_links":{"self":[{"href":"https:\/\/www.j-lawyer.org\/index.php?rest_route=\/wp\/v2\/pages\/100","targetHints":{"allow":["GET"]}}],"collection":[{"href":"https:\/\/www.j-lawyer.org\/index.php?rest_route=\/wp\/v2\/pages"}],"about":[{"href":"https:\/\/www.j-lawyer.org\/index.php?rest_route=\/wp\/v2\/types\/page"}],"author":[{"embeddable":true,"href":"https:\/\/www.j-lawyer.org\/index.php?rest_route=\/wp\/v2\/users\/1"}],"replies":[{"embeddable":true,"href":"https:\/\/www.j-lawyer.org\/index.php?rest_route=%2Fwp%2Fv2%2Fcomments&post=100"}],"version-history":[{"count":51,"href":"https:\/\/www.j-lawyer.org\/index.php?rest_route=\/wp\/v2\/pages\/100\/revisions"}],"predecessor-version":[{"id":5915,"href":"https:\/\/www.j-lawyer.org\/index.php?rest_route=\/wp\/v2\/pages\/100\/revisions\/5915"}],"up":[{"embeddable":true,"href":"https:\/\/www.j-lawyer.org\/index.php?rest_route=\/wp\/v2\/pages\/88"}],"wp:attachment":[{"href":"https:\/\/www.j-lawyer.org\/index.php?rest_route=%2Fwp%2Fv2%2Fmedia&parent=100"}],"curies":[{"name":"wp","href":"https:\/\/api.w.org\/{rel}","templated":true}]}}