{"id":11,"date":"2012-05-06T16:18:09","date_gmt":"2012-05-06T16:18:09","guid":{"rendered":"http:\/\/www.j-lawyer.org\/?page_id=11"},"modified":"2023-10-24T00:51:34","modified_gmt":"2023-10-23T22:51:34","slug":"dokumentation","status":"publish","type":"page","link":"https:\/\/www.j-lawyer.org\/?page_id=11","title":{"rendered":"Dokumentation"},"content":{"rendered":"<p><strong>j-lawyer.ACADEMY<\/strong><\/p>\n<p>Video-Tutorials, Anwenderdokumentation und \u00c4nderungshistorie finden Sie in der <a href=\"https:\/\/j-lawyer.cloud\/j-lawyer-academy\/\" target=\"_blank\" rel=\"noopener\">j-lawyer.ACADEMY<\/a>.<\/p>\n<p><strong>Dokumentation auf GitHub<\/strong>:<\/p>\n<p>Verbesserungsvorschl\u00e4ge zur Dokumentation? Alle hier verlinkten Inhalte sind auf Github verf\u00fcgbar und k\u00f6nnen von Jedermann bearbeitet werden: <a href=\"https:\/\/github.com\/j-dimension\/j-lawyer-documentation\" target=\"_blank\" rel=\"noopener\">https:\/\/github.com\/j-dimension\/j-lawyer-documentation<\/a><\/p>\n","protected":false},"excerpt":{"rendered":"<p>j-lawyer.ACADEMY Video-Tutorials, Anwenderdokumentation und \u00c4nderungshistorie finden Sie in der j-lawyer.ACADEMY. Dokumentation auf GitHub: Verbesserungsvorschl\u00e4ge zur Dokumentation? Alle hier verlinkten Inhalte sind auf Github verf\u00fcgbar und k\u00f6nnen von Jedermann bearbeitet werden: https:\/\/github.com\/j-dimension\/j-lawyer-documentation<\/p>\n","protected":false},"author":1,"featured_media":0,"parent":8,"menu_order":20,"comment_status":"open","ping_status":"open","template":"","meta":{"_bbp_topic_count":0,"_bbp_reply_count":0,"_bbp_total_topic_count":0,"_bbp_total_reply_count":0,"_bbp_voice_count":0,"_bbp_anonymous_reply_count":0,"_bbp_topic_count_hidden":0,"_bbp_reply_count_hidden":0,"_bbp_forum_subforum_count":0,"footnotes":""},"class_list":["post-11","page","type-page","status-publish","czr-hentry"],"_links":{"self":[{"href":"https:\/\/www.j-lawyer.org\/index.php?rest_route=\/wp\/v2\/pages\/11","targetHints":{"allow":["GET"]}}],"collection":[{"href":"https:\/\/www.j-lawyer.org\/index.php?rest_route=\/wp\/v2\/pages"}],"about":[{"href":"https:\/\/www.j-lawyer.org\/index.php?rest_route=\/wp\/v2\/types\/page"}],"author":[{"embeddable":true,"href":"https:\/\/www.j-lawyer.org\/index.php?rest_route=\/wp\/v2\/users\/1"}],"replies":[{"embeddable":true,"href":"https:\/\/www.j-lawyer.org\/index.php?rest_route=%2Fwp%2Fv2%2Fcomments&post=11"}],"version-history":[{"count":60,"href":"https:\/\/www.j-lawyer.org\/index.php?rest_route=\/wp\/v2\/pages\/11\/revisions"}],"predecessor-version":[{"id":5705,"href":"https:\/\/www.j-lawyer.org\/index.php?rest_route=\/wp\/v2\/pages\/11\/revisions\/5705"}],"up":[{"embeddable":true,"href":"https:\/\/www.j-lawyer.org\/index.php?rest_route=\/wp\/v2\/pages\/8"}],"wp:attachment":[{"href":"https:\/\/www.j-lawyer.org\/index.php?rest_route=%2Fwp%2Fv2%2Fmedia&parent=11"}],"curies":[{"name":"wp","href":"https:\/\/api.w.org\/{rel}","templated":true}]}}