{"id":1119,"date":"2015-07-09T23:03:21","date_gmt":"2015-07-09T21:03:21","guid":{"rendered":"http:\/\/www.j-lawyer.org\/?page_id=1119"},"modified":"2023-10-26T17:55:04","modified_gmt":"2023-10-26T15:55:04","slug":"services","status":"publish","type":"page","link":"https:\/\/www.j-lawyer.org\/?page_id=1119","title":{"rendered":"Services"},"content":{"rendered":"<p>Die j-lawyer.org &#8211; Kanzleisoftware ist <strong>grunds\u00e4tzlich f\u00fcr Jedermann kostenfrei und unbeschr\u00e4nkt nutzbar<\/strong>. Die hier zus\u00e4tzlich angebotenen Leistungen erg\u00e4nzen das kostenlose Angebot, ein Kauf kommt direkt der Weiterentwicklung des Systems zugute.<\/p>\n<table>\n<tbody>\n<tr>\n<td><strong>Managed Nextcloud &#8211; Nutzer<br \/><\/strong>Zugang zu einer Cloudinstallation, basierend auf Nextcloud, mit Rundum-Service: um Updates und Datensicherungen k\u00fcmmern wir uns.\n<ul>\n<li>Serverstandort Deutschland<\/li>\n<li>Sie erhalten einen DSGVO-AV-Vertrag<\/li>\n<li>Dateien zentral speichern, freigeben und gemeinsam bearbeiten<\/li>\n<li>Kalender, Aufgaben und Kontakte \u2013 im B\u00fcro, Home Office und unterwegs, auf Desktop und Smartphone<\/li>\n<li>f\u00fcr Nutzer der Kanzleisoftware \u201ej-lawyer.org\u201c: Bereitstellen von Dokumenten f\u00fcr Beteiligte, ganz einfach per Klick in der elektronischen Akte<\/li>\n<\/ul>\n<\/td>\n<td>ab mtl. 3,49 EUR<br \/><a href=\"https:\/\/www.j-dimension.com\/angebote\/anfrage-managed-nextcloud\/\">zur Anfrage<\/a><\/td>\n<\/tr>\n<tr>\n<td><strong>E-POST BUSINESS<\/strong>\n<ul>\n<li>Hybrid-Mail: Sie versenden Schreiben samt Anlagen per Klick aus der Akte. Die Dokumente werden digital an die Deutsche Post \u00fcbertragen, dort gedruckt und versandt. Das Drucken, Verpacken und der Weg zum Briefkasten entfallen.<\/li>\n<li><a href=\"https:\/\/www.deutschepost.de\/de\/e\/epost\/geschaeftskunden\/partner\/business-api.html\" target=\"_blank\" rel=\"noopener\">Informationen und Accounterstellung<\/a><\/li>\n<li>Die Anbindung der E-POST an Drittsoftware (wie j-lawyer.org) ist f\u00fcr den Softwarehersteller mit laufenden Kosten verbunden. Daher ist der Zugang zu dieser Funktionalit\u00e4t nur mit vorheriger Registrierung m\u00f6glich. Es handelt sich um eine zeitlich nicht beschr\u00e4nkte Einmalzahlung.<\/li>\n<\/ul>\n<\/td>\n<td>49,00 EUR<br \/><a href=\"https:\/\/www.j-lawyer.org\/?page_id=5716\">Bestellen<\/a><\/td>\n<\/tr>\n<tr>\n<td><strong>Online-Datensicherung<\/strong>\n<ul>\n<li>automatische Spiegelung der Datensicherungen Ihrer j-lawyer.org-Installation auf Servern in einem deutschen Rechenzentrum<\/li>\n<li>t\u00e4gliche Pr\u00fcfung auf korrekten Eingang neuer Datensicherungen, inklusive E-Mail bei ausbleibender Datensicherung<\/li>\n<li>verschl\u00fcsselte Daten\u00fcbertragung<\/li>\n<li>komfortable Verwaltung (inklusive Download) der Datensicherungen \u00fcber den Browser<\/li>\n<li>monatliche Kontingentzusammenfassung per E-Mail<\/li>\n<li>monatlich k\u00fcndbar<\/li>\n<\/ul>\n<\/td>\n<td>ab mtl. 8,99 EUR<br \/><a href=\"http:\/\/www.j-dimension.com\/angebote\/j-lawyer-org\/anfrage-j-lawyer-org-online-datensicherung\/\">zur Anfrage<\/a><\/td>\n<\/tr>\n<tr>\n<td><strong>Onlineformulare mit <a href=\"https:\/\/rocketgenius.pxf.io\/0JBoXO\" target=\"_blank\" rel=\"noopener\">Gravity Forms<\/a> (*) gestalten und mit der Kanzleisoftware integrieren<br \/><\/strong>\n<ul>\n<li>Sie erhalten eine eigene WordPress-Website mit dem Online-Formulareditor &#8222;<a href=\"https:\/\/rocketgenius.pxf.io\/0JBoXO\" target=\"_blank\" rel=\"noopener\">Gravity Forms<\/a>&#8220; (*) in der Elite-Version und zahlreichen Erweiterungen.<\/li>\n<li>Eigene Formulare sehr leicht gestalten und auf einer eigenen Website ver\u00f6ffentlichen (bspw. von der einfachen Mandatsannahme bis zu komplexen sachgebietsspezifischen Dateneingaben).<\/li>\n<li>Integration mit der Kanzleisoftware: von externen Parteien ausgef\u00fcllte Formulare stehen mit wenigen Klicks in der Akte zur Verf\u00fcgung und k\u00f6nnen \u00fcber Platzhalter automatisch in Dokumente \u00fcbernommen werden.<\/li>\n<li>Keine Programmierkenntnisse notwendig.<\/li>\n<\/ul>\n<\/td>\n<td>\n<p>mtl. 7,99<\/p>\n<p><a href=\"https:\/\/form.advobox.com\" target=\"_blank\" rel=\"noopener\">zur Anfrage<\/a><\/p>\n<\/td>\n<\/tr>\n<tr>\n<td><strong>Serverinstallation<\/strong>\n<ul>\n<li>Ferninstallation eines j-lawyer.org Servers inklusive aller Abh\u00e4ngigkeiten (Datenbank etc.)<\/li>\n<li>auf einem Windows- oder Linuxsystem<\/li>\n<li>inklusive erster Konfiguration, damit Sie sofort losarbeiten k\u00f6nnen<\/li>\n<li>Erstellung und \u00dcbergabe einer Installationsdokumentation<\/li>\n<li><em><strong>optional<\/strong>: Kurzeinf\u00fchrung zum Betrieb des Servers (Zusatzkosten 15 EUR)<\/em><\/li>\n<\/ul>\n<\/td>\n<td>65 EUR<br \/><a href=\"http:\/\/www.j-dimension.com\/angebote\/j-lawyer-org\/anfrage-j-lawyer-org-serverinstallation\/\">zur Anfrage<\/a><\/td>\n<\/tr>\n<tr>\n<td><strong>Clientinstallation<\/strong>\n<ul>\n<li>Ferninstallation des j-lawyer.org Clients (Voraussetzung: installierter j-lawyer.org Server) inklusive aller Abh\u00e4ngigkeiten (Java, Libre Office etc.)<\/li>\n<li>auf Windows- oder Linuxsystemen<\/li>\n<li>inklusive erster Konfiguration, damit Sie sofort losarbeiten k\u00f6nnen<\/li>\n<li>Erstellung und \u00dcbergabe einer Installationsdokumentation<\/li>\n<li><em><strong>optional<\/strong>: Kurzeinf\u00fchrung zur Anwendung des Systems (Zusatzkosten 25 EUR, einmalig und unabh\u00e4ngig von der Anzahl der zu installierenden Clients)<\/em><\/li>\n<\/ul>\n<\/td>\n<td>30 EUR pro Client<br \/><a href=\"http:\/\/www.j-dimension.com\/angebote\/j-lawyer-org\/anfrage-j-lawyer-org-clientinstallation\/\">zur Anfrage<\/a><\/td>\n<\/tr>\n<tr>\n<td><strong>Komplettinstallation<\/strong>\n<ul>\n<li>Kombination von j-lawyer.org Serverinstallation und j-lawyer.org Clientinstallation (max. 2 Clients inklusive)<\/li>\n<li>inklusive vollst\u00e4ndiger Erstkonfiguration<\/li>\n<li><em><strong>optional<\/strong>: Kurzeinf\u00fchrung zum Betrieb des Servers, Kurzeinf\u00fchrung zur Anwendung des Systems (Zusatzkosten 30 EUR)<\/em><\/li>\n<\/ul>\n<\/td>\n<td>90 EUR<br \/><a href=\"http:\/\/www.j-dimension.com\/angebote\/j-lawyer-org\/anfrage-j-lawyer-org-komplettinstallation\/\">zur Anfrage<\/a><\/td>\n<\/tr>\n<tr>\n<td><strong>Systemupdate<\/strong>\n<ul>\n<li>Ferninstallation einer direkten Folgeversion (bspw. Update von 1.6 auf 1.7) f\u00fcr 1 Server und 1 Client<\/li>\n<li>auf Windows- oder Linuxsystemen<\/li>\n<li>inklusive aller Konfigurationen bei \u00c4nderungen \/ neuen Einstellungen<\/li>\n<li>inklusive Kurzeinf\u00fchrung bzgl. neuer Funktionalit\u00e4ten<\/li>\n<li><em><strong>optional<\/strong>: zus\u00e4tzliches Client-Update (Zusatzkosten 15 EUR je Client)<\/em><\/li>\n<\/ul>\n<\/td>\n<td>55 EUR<br \/><a href=\"http:\/\/www.j-dimension.com\/angebote\/j-lawyer-org\/anfrage-j-lawyer-org-updateinstallation\/\">zur Anfrage<\/a><\/td>\n<\/tr>\n<tr>\n<td><strong>Individuelle Briefvorlagen<\/strong>\n<ul>\n<li>Erstellen einer Vorlage mit Ihrem individuellen Design, bzw. Anpassung \/ Migration einer vorhandenen Vorlage<\/li>\n<li>Das Ergebnis dient als Grundlage f\u00fcr die Erstellung weiterer Vorlagen mit gleichem Layout in Eigenregie<\/li>\n<\/ul>\n<\/td>\n<td>ab 45 EUR<br \/><a href=\"http:\/\/www.j-dimension.com\/impressum\/\">Anfrage per Email<\/a><\/td>\n<\/tr>\n<tr>\n<td><strong>Sonstige Leistungen<\/strong><br \/>Sie haben spezielle Anforderungen? Schildern Sie uns Ihre W\u00fcnsche, bspw.\n<ul>\n<li>Datenmigration \/ -\u00fcbernahme aus bestehenden Systemen<\/li>\n<li>Integration in bestehende Systemlandschaften<\/li>\n<li>Entwicklung spezieller Funktionalit\u00e4ten \/ Erweiterungen<\/li>\n<li>Trainings<\/li>\n<li>u.v.m.<\/li>\n<\/ul>\n<\/td>\n<td><a href=\"http:\/\/www.j-dimension.com\/impressum\/\">Anfrage per Email<\/a><\/td>\n<\/tr>\n<\/tbody>\n<\/table>\n\n\n<p class=\"has-small-font-size\">(*) Die mit Sternchen (*) gekennzeichneten Links sind sogenannte Affiliate-Links. Wenn Sie auf so einen Affiliate-Link klicken und \u00fcber diesen Link einkaufen, bekomme ich von dem betreffenden Online-Shop oder Anbieter eine Provision. F\u00fcr Sie ver\u00e4ndert sich der Preis nicht. <br>Einnahmen kommen zu 100% dem kostenfreien Open Source-Projekt &#8222;j-lawyer.org&#8220; (Kanzleisoftware) zugute.<\/p>\n","protected":false},"excerpt":{"rendered":"<p>Die j-lawyer.org &#8211; Kanzleisoftware ist grunds\u00e4tzlich f\u00fcr Jedermann kostenfrei und unbeschr\u00e4nkt nutzbar. Die hier zus\u00e4tzlich angebotenen Leistungen erg\u00e4nzen das kostenlose Angebot, ein Kauf kommt direkt der Weiterentwicklung des Systems zugute. Managed Nextcloud &#8211; NutzerZugang zu einer Cloudinstallation, basierend auf Nextcloud, mit Rundum-Service: um Updates und Datensicherungen k\u00fcmmern wir uns. Serverstandort Deutschland Sie erhalten einen DSGVO-AV-Vertrag [&hellip;]<\/p>\n","protected":false},"author":5,"featured_media":0,"parent":1853,"menu_order":0,"comment_status":"closed","ping_status":"open","template":"","meta":{"_bbp_topic_count":0,"_bbp_reply_count":0,"_bbp_total_topic_count":0,"_bbp_total_reply_count":0,"_bbp_voice_count":0,"_bbp_anonymous_reply_count":0,"_bbp_topic_count_hidden":0,"_bbp_reply_count_hidden":0,"_bbp_forum_subforum_count":0,"footnotes":""},"class_list":["post-1119","page","type-page","status-publish","czr-hentry"],"_links":{"self":[{"href":"https:\/\/www.j-lawyer.org\/index.php?rest_route=\/wp\/v2\/pages\/1119","targetHints":{"allow":["GET"]}}],"collection":[{"href":"https:\/\/www.j-lawyer.org\/index.php?rest_route=\/wp\/v2\/pages"}],"about":[{"href":"https:\/\/www.j-lawyer.org\/index.php?rest_route=\/wp\/v2\/types\/page"}],"author":[{"embeddable":true,"href":"https:\/\/www.j-lawyer.org\/index.php?rest_route=\/wp\/v2\/users\/5"}],"replies":[{"embeddable":true,"href":"https:\/\/www.j-lawyer.org\/index.php?rest_route=%2Fwp%2Fv2%2Fcomments&post=1119"}],"version-history":[{"count":18,"href":"https:\/\/www.j-lawyer.org\/index.php?rest_route=\/wp\/v2\/pages\/1119\/revisions"}],"predecessor-version":[{"id":5720,"href":"https:\/\/www.j-lawyer.org\/index.php?rest_route=\/wp\/v2\/pages\/1119\/revisions\/5720"}],"up":[{"embeddable":true,"href":"https:\/\/www.j-lawyer.org\/index.php?rest_route=\/wp\/v2\/pages\/1853"}],"wp:attachment":[{"href":"https:\/\/www.j-lawyer.org\/index.php?rest_route=%2Fwp%2Fv2%2Fmedia&parent=1119"}],"curies":[{"name":"wp","href":"https:\/\/api.w.org\/{rel}","templated":true}]}}