{"id":1295,"date":"2015-12-19T22:33:50","date_gmt":"2015-12-19T21:33:50","guid":{"rendered":"http:\/\/www.j-lawyer.org\/?page_id=1295"},"modified":"2019-11-28T00:31:06","modified_gmt":"2019-11-27T23:31:06","slug":"helfen","status":"publish","type":"page","link":"https:\/\/www.j-lawyer.org\/?page_id=1295","title":{"rendered":"Mitmachen!"},"content":{"rendered":"<p>j-lawyer.org als Projekt lebt von der Unterst\u00fctzung jedweder Natur &#8211; wir suchen insbesondere Hilfe in Form von<\/p>\n<ul>\n<li>Melden von Fehlern<\/li>\n<li>Einbringen von Verbesserungsvorschl\u00e4gen<\/li>\n<li>Marketing \/ Betreuung von Website und Social Media<\/li>\n<li>Support von Anwendern im Forum<\/li>\n<li>Hilfe bei Tests und Dokumentation<\/li>\n<li>Hilfe bei der Weiterentwicklung<\/li>\n<\/ul>\n<p>Man muss weder Informatiker noch Anwalt sein &#8211; aber eine Leidenschaft f\u00fcr freie Software und das Projekt mitbringen. Interessenten erhalten jede erdenkliche Unterst\u00fctzung bei einer &#8222;Einf\u00fchrung&#8220; in das Projekt. Erster Schritt: <a href=\"http:\/\/www.j-lawyer.org\/?page_id=2\">Kontakt aufnehmen<\/a> und \/ oder die <a href=\"http:\/\/lists.j-lawyer.org\/cgi-bin\/mailman\/listinfo\/dev\" target=\"_blank\" rel=\"noopener noreferrer\">Mailingliste<\/a> abonnieren. Au\u00dferdem gibt es noch einen <a href=\"https:\/\/www.j-lawyer.org\/?page_id=1453\">Newsletter<\/a> &#8211; ca. einmal im Monat.<\/p>\n<p>Wer das Projekt &#8222;auf eigene Faust&#8220; erkunden m\u00f6chte, kann sich in unseren <a href=\"https:\/\/github.com\/jlawyerorg\" target=\"_blank\" rel=\"noopener noreferrer\">j-lawyer.org Github-Repositories<\/a> umsehen.<\/p>\n","protected":false},"excerpt":{"rendered":"<p>j-lawyer.org als Projekt lebt von der Unterst\u00fctzung jedweder Natur &#8211; wir suchen insbesondere Hilfe in Form von Melden von Fehlern Einbringen von Verbesserungsvorschl\u00e4gen Marketing \/ Betreuung von Website und Social Media Support von Anwendern im Forum Hilfe bei Tests und Dokumentation Hilfe bei der Weiterentwicklung Man muss weder Informatiker noch Anwalt sein &#8211; aber eine [&hellip;]<\/p>\n","protected":false},"author":5,"featured_media":0,"parent":1034,"menu_order":0,"comment_status":"open","ping_status":"open","template":"","meta":{"_bbp_topic_count":0,"_bbp_reply_count":0,"_bbp_total_topic_count":0,"_bbp_total_reply_count":0,"_bbp_voice_count":0,"_bbp_anonymous_reply_count":0,"_bbp_topic_count_hidden":0,"_bbp_reply_count_hidden":0,"_bbp_forum_subforum_count":0,"footnotes":""},"class_list":["post-1295","page","type-page","status-publish","czr-hentry"],"_links":{"self":[{"href":"https:\/\/www.j-lawyer.org\/index.php?rest_route=\/wp\/v2\/pages\/1295","targetHints":{"allow":["GET"]}}],"collection":[{"href":"https:\/\/www.j-lawyer.org\/index.php?rest_route=\/wp\/v2\/pages"}],"about":[{"href":"https:\/\/www.j-lawyer.org\/index.php?rest_route=\/wp\/v2\/types\/page"}],"author":[{"embeddable":true,"href":"https:\/\/www.j-lawyer.org\/index.php?rest_route=\/wp\/v2\/users\/5"}],"replies":[{"embeddable":true,"href":"https:\/\/www.j-lawyer.org\/index.php?rest_route=%2Fwp%2Fv2%2Fcomments&post=1295"}],"version-history":[{"count":21,"href":"https:\/\/www.j-lawyer.org\/index.php?rest_route=\/wp\/v2\/pages\/1295\/revisions"}],"predecessor-version":[{"id":3229,"href":"https:\/\/www.j-lawyer.org\/index.php?rest_route=\/wp\/v2\/pages\/1295\/revisions\/3229"}],"up":[{"embeddable":true,"href":"https:\/\/www.j-lawyer.org\/index.php?rest_route=\/wp\/v2\/pages\/1034"}],"wp:attachment":[{"href":"https:\/\/www.j-lawyer.org\/index.php?rest_route=%2Fwp%2Fv2%2Fmedia&parent=1295"}],"curies":[{"name":"wp","href":"https:\/\/api.w.org\/{rel}","templated":true}]}}