{"id":17,"date":"2012-05-06T16:21:36","date_gmt":"2012-05-06T16:21:36","guid":{"rendered":"http:\/\/www.j-lawyer.org\/?page_id=17"},"modified":"2026-01-11T21:12:30","modified_gmt":"2026-01-11T20:12:30","slug":"download","status":"publish","type":"page","link":"https:\/\/www.j-lawyer.org\/?page_id=17","title":{"rendered":"Downloads f\u00fcr Windows, Linux und Mac"},"content":{"rendered":"\n            <style>\n                #mica_ecta_1.mica_ecta_layout{\n                    padding-top: 20px !important;\n                    padding-bottom: 20px !important;\n                    padding-left: 30px !important;\n                    padding-right: 30px !important;\n                    border-radius: 10px !important;\n                    background-color: #0e72b5 !important;\n                    text-align: left !important;\n                }\n\n                #mica_ecta_1 .mica_ecta_title{\n                    font-size: 28px !important;\n                    font-weight: 700 !important;\n                    color: #97bf0d !important;\n                    line-height: 1.3 !important;\n                    margin-top: 0 !important;\n                    margin-bottom: 0.5rem !important;\n                }\n\n                #mica_ecta_1 .mica_ecta_text{\n                    font-size: 16px !important;\n                    font-weight: 400 !important;\n                    color: #ffffff !important;\n                    line-height: 1.5 !important;\n                    margin-top: 0 !important;\n                    margin-bottom: 1rem !important;\n                }\n                \n                #mica_ecta_1 .mica_ecta_btn{\n                    font-size: 16px !important;\n                    font-weight: 700 !important;\n                    color: #1b1b1b !important;\n                    background-color: #97bf0d !important;\n                    padding-top: 8px !important;\n                    padding-bottom: 8px !important;\n                    padding-left: 16px !important;\n                    padding-right: 16px !important;\n                    border-radius: 6px !important;\n                    text-decoration: none !important;\n                    outline: none !important;\n                    transition: all 0.3s ease !important;\n                    margin-top: 5px !important;\n                    display: inline-block !important;\n                }\n                \n                #mica_ecta_1 .mica_ecta_btn:hover{\n                    color: #ffffff !important;\n                    background-color: #de313b !important;\n                }\n            <\/style>\n            <div id='mica_ecta_1' class='mica_ecta_layout'><h3 class='mica_ecta_title'>j-lawyer.org in der Cloud ausprobieren<\/h3><p class='mica_ecta_text'>Sie k\u00f6nnen j-lawyer.org selbst betreiben - oder Sie lassen uns das machen. Wir sind die j-lawyer-Experten!\r\n\u2713Hosting in Deutschland     \u2713Support     \u2713einfach und sicher<\/p><a href='https:\/\/j-lawyer.cloud\/cloudzugang-anfordern\/' class='mica_ecta_btn' >Kostenlos testen<\/a><\/div>\n<p>j-lawyer.org basiert auf kostenfreien Produkten und Bibliotheken und kann neben Windows\u00ae-Systemen auch auf Linux\u00ae etc. betrieben werden. Mit j-lawyer.org setzen Sie auf einer moderne, innovative und somit zukunftssichere Plattform. Bitte beachten Sie die <a title=\"Lizenz\" href=\"https:\/\/www.j-lawyer.org\/?page_id=41\">Lizenzbedingungen<\/a>.<\/p>\n<p>Wenn Sie j-lawyer.org vor einem Download ausprobieren m\u00f6chten, nutzen Sie das <a title=\"j-lawyer.org Live-System\" href=\"https:\/\/www.j-lawyer.org\/?page_id=310\">j-lawyer.org Live-System<\/a>. Eine vollst\u00e4ndige Historie der \u00c4nderungen finden Sie in den <a href=\"https:\/\/jlawyerorg.github.io\/j-lawyer-documentation\/releasenotes\/index.html\" target=\"_blank\" rel=\"noopener\">j-lawyer.org Release Notes<\/a>.<\/p>\n<hr \/>\n<p><strong><span style=\"color: #339966;\">Unterst\u00fctzen:<\/span> <\/strong>Schauen Sie auf unsere <a title=\"Amazon-Wunschliste\" href=\"http:\/\/www.amazon.de\/registry\/wishlist\/3NQIW4354H68X\" target=\"_blank\" rel=\"noopener noreferrer\">Amazon-Wunschliste<\/a> oder <a href=\"https:\/\/github.com\/sponsors\/j-dimension\" target=\"_blank\" rel=\"noopener noreferrer\">werden Sie Sponsor<\/a>. Konkreter Unterst\u00fctzungsbedarf wird <a title=\"j-lawyer.org unterst\u00fctzen\" href=\"https:\/\/www.j-lawyer.org\/?page_id=1295\">hier laufend aktualisiert<\/a>.<br \/><span style=\"color: #339966;\"><strong>Installations-Service:<\/strong><\/span> Wenn Sie j-lawyer.org installieren lassen m\u00f6chten oder Beratungsbedarf haben, finden Sie hier entsprechende Kontakte und <a href=\"https:\/\/www.j-lawyer.org\/?page_id=1119\">Dienstleistungen rund um j-lawyer.org<\/a>.<\/p>\n<hr \/>\n<h2><strong>j-lawyer.org 3.4 vom 11.01.2026<\/strong><\/h2>\n<p>Serverversion: 3.4.0.20<br \/>Clientversion: 3.4.0.4<\/p>\n\n\n<p class=\"has-text-align-center has-very-light-gray-background-color has-background has-large-font-size\"><strong><a href=\"https:\/\/cloud.j-dimension.com\/index.php\/s\/wscJLx3KDCKoEWm\" target=\"_blank\" rel=\"noreferrer noopener\">Downloadportal<\/a><\/strong><\/p>\n\n\n\n<p><strong>Installation:<\/strong><\/p>\n\n\n\n<p>Der Server wird einmal installiert, unabh\u00e4ngig davon ob das System auf einem einzelnen Ger\u00e4t oder im Netzwerk verwendet wird. Der Client kann auf beliebig vielen Ger\u00e4ten im Netzwerk installiert werden. F\u00fcr Details bitte die <a href=\"https:\/\/www.j-lawyer.org\/?page_id=88\">Installationsanleitung<\/a> nutzen.<\/p>\n\n\n\n<p><strong>Updates:<\/strong> In der Regel sind Updates in Sequenz zu installieren, ohne Versionen zu \u00fcberspringen.<\/p>\n\n\n\n<p><a href=\"https:\/\/www.j-lawyer.org\/?p=2214\">Updateanleitung<\/a><\/p>\n\n\n\n<p><a href=\"https:\/\/www.j-lawyer.org\/?p=2206\">Updateanleitung f\u00fcr Nutzer einer j-lawyer.BOX<\/a><\/p>\n","protected":false},"excerpt":{"rendered":"<p>j-lawyer.org basiert auf kostenfreien Produkten und Bibliotheken und kann neben Windows\u00ae-Systemen auch auf Linux\u00ae etc. betrieben werden. Mit j-lawyer.org setzen Sie auf einer moderne, innovative und somit zukunftssichere Plattform. Bitte beachten Sie die Lizenzbedingungen. Wenn Sie j-lawyer.org vor einem Download ausprobieren m\u00f6chten, nutzen Sie das j-lawyer.org Live-System. Eine vollst\u00e4ndige Historie der \u00c4nderungen finden Sie in [&hellip;]<\/p>\n","protected":false},"author":1,"featured_media":0,"parent":0,"menu_order":50,"comment_status":"closed","ping_status":"open","template":"","meta":{"_bbp_topic_count":0,"_bbp_reply_count":0,"_bbp_total_topic_count":0,"_bbp_total_reply_count":0,"_bbp_voice_count":0,"_bbp_anonymous_reply_count":0,"_bbp_topic_count_hidden":0,"_bbp_reply_count_hidden":0,"_bbp_forum_subforum_count":0,"footnotes":""},"class_list":["post-17","page","type-page","status-publish","czr-hentry"],"_links":{"self":[{"href":"https:\/\/www.j-lawyer.org\/index.php?rest_route=\/wp\/v2\/pages\/17","targetHints":{"allow":["GET"]}}],"collection":[{"href":"https:\/\/www.j-lawyer.org\/index.php?rest_route=\/wp\/v2\/pages"}],"about":[{"href":"https:\/\/www.j-lawyer.org\/index.php?rest_route=\/wp\/v2\/types\/page"}],"author":[{"embeddable":true,"href":"https:\/\/www.j-lawyer.org\/index.php?rest_route=\/wp\/v2\/users\/1"}],"replies":[{"embeddable":true,"href":"https:\/\/www.j-lawyer.org\/index.php?rest_route=%2Fwp%2Fv2%2Fcomments&post=17"}],"version-history":[{"count":117,"href":"https:\/\/www.j-lawyer.org\/index.php?rest_route=\/wp\/v2\/pages\/17\/revisions"}],"predecessor-version":[{"id":7278,"href":"https:\/\/www.j-lawyer.org\/index.php?rest_route=\/wp\/v2\/pages\/17\/revisions\/7278"}],"wp:attachment":[{"href":"https:\/\/www.j-lawyer.org\/index.php?rest_route=%2Fwp%2Fv2%2Fmedia&parent=17"}],"curies":[{"name":"wp","href":"https:\/\/api.w.org\/{rel}","templated":true}]}}