{"id":1755,"date":"2017-01-19T12:56:45","date_gmt":"2017-01-19T11:56:45","guid":{"rendered":"http:\/\/www.j-lawyer.org\/?page_id=1755"},"modified":"2017-01-19T12:56:45","modified_gmt":"2017-01-19T11:56:45","slug":"firewallkonfiguration-fuer-server","status":"publish","type":"page","link":"https:\/\/www.j-lawyer.org\/?page_id=1755","title":{"rendered":"Firewallkonfiguration f\u00fcr Server"},"content":{"rendered":"<p>Soll der j-lawyer.org Server auf Windows als Dienst f\u00fcr andere Ger\u00e4te mit j-lawyer.org Client agieren, so muss am Server der Port 8080 freigegeben werden. Daf\u00fcr wird hier eine Schritt-f\u00fcr-Schritt-Anleitung am Beispiel von Windows 10 geliefert:<\/p>\n<ol>\n<li>Windows Firewall \u00f6ffnen<\/li>\n<\/ol>\n<p>Suchen Sie via Startmen\u00fc nach einem Eintrag &#8222;Windows-Firewall&#8220; und starten Sie diese Applikation.<\/p>\n<p><a href=\"http:\/\/www.j-lawyer.org\/wp-content\/uploads\/j-lawyer-server-firewall-01.png\"><img loading=\"lazy\" decoding=\"async\" class=\"aligncenter wp-image-1756 size-full\" src=\"http:\/\/www.j-lawyer.org\/wp-content\/uploads\/j-lawyer-server-firewall-01.png\" width=\"408\" height=\"629\" srcset=\"https:\/\/www.j-lawyer.org\/wp-content\/uploads\/j-lawyer-server-firewall-01.png 408w, https:\/\/www.j-lawyer.org\/wp-content\/uploads\/j-lawyer-server-firewall-01-195x300.png 195w\" sizes=\"auto, (max-width: 408px) 100vw, 408px\" \/><\/a><\/p>\n<p>2. W\u00e4hlen Sie im linken Bereich den Punkt &#8222;Erweiterte Einstellungen&#8220;<\/p>\n<p><a href=\"http:\/\/www.j-lawyer.org\/wp-content\/uploads\/j-lawyer-server-firewall-02.png\"><img loading=\"lazy\" decoding=\"async\" class=\"aligncenter wp-image-1757 size-full\" src=\"http:\/\/www.j-lawyer.org\/wp-content\/uploads\/j-lawyer-server-firewall-02.png\" width=\"819\" height=\"424\" srcset=\"https:\/\/www.j-lawyer.org\/wp-content\/uploads\/j-lawyer-server-firewall-02.png 819w, https:\/\/www.j-lawyer.org\/wp-content\/uploads\/j-lawyer-server-firewall-02-300x155.png 300w, https:\/\/www.j-lawyer.org\/wp-content\/uploads\/j-lawyer-server-firewall-02-768x398.png 768w\" sizes=\"auto, (max-width: 819px) 100vw, 819px\" \/><\/a><\/p>\n<p>3. W\u00e4hlen Sie links den Punkt &#8222;Eingehende Regeln&#8220;<\/p>\n<p><a href=\"http:\/\/www.j-lawyer.org\/wp-content\/uploads\/j-lawyer-server-firewall-03.png\"><img loading=\"lazy\" decoding=\"async\" class=\"aligncenter wp-image-1758 size-full\" src=\"http:\/\/www.j-lawyer.org\/wp-content\/uploads\/j-lawyer-server-firewall-03.png\" width=\"774\" height=\"411\" srcset=\"https:\/\/www.j-lawyer.org\/wp-content\/uploads\/j-lawyer-server-firewall-03.png 774w, https:\/\/www.j-lawyer.org\/wp-content\/uploads\/j-lawyer-server-firewall-03-300x159.png 300w, https:\/\/www.j-lawyer.org\/wp-content\/uploads\/j-lawyer-server-firewall-03-768x408.png 768w\" sizes=\"auto, (max-width: 774px) 100vw, 774px\" \/><\/a><\/p>\n<p>4. Der Regeltyp lautet &#8222;Port&#8220;<\/p>\n<p><a href=\"http:\/\/www.j-lawyer.org\/wp-content\/uploads\/j-lawyer-server-firewall-04.png\"><img loading=\"lazy\" decoding=\"async\" class=\"aligncenter wp-image-1759 size-full\" src=\"http:\/\/www.j-lawyer.org\/wp-content\/uploads\/j-lawyer-server-firewall-04.png\" width=\"713\" height=\"580\" srcset=\"https:\/\/www.j-lawyer.org\/wp-content\/uploads\/j-lawyer-server-firewall-04.png 713w, https:\/\/www.j-lawyer.org\/wp-content\/uploads\/j-lawyer-server-firewall-04-300x244.png 300w\" sizes=\"auto, (max-width: 713px) 100vw, 713px\" \/><\/a><\/p>\n<p>5. W\u00e4hlen Sie im folgenden Schritt &#8222;TCP&#8220; und &#8222;Bestimmte lokale Ports&#8220; mit der Angabe 8080<\/p>\n<p><a href=\"http:\/\/www.j-lawyer.org\/wp-content\/uploads\/j-lawyer-server-firewall-05.png\"><img loading=\"lazy\" decoding=\"async\" class=\"aligncenter wp-image-1760 size-full\" src=\"http:\/\/www.j-lawyer.org\/wp-content\/uploads\/j-lawyer-server-firewall-05.png\" width=\"713\" height=\"580\" srcset=\"https:\/\/www.j-lawyer.org\/wp-content\/uploads\/j-lawyer-server-firewall-05.png 713w, https:\/\/www.j-lawyer.org\/wp-content\/uploads\/j-lawyer-server-firewall-05-300x244.png 300w\" sizes=\"auto, (max-width: 713px) 100vw, 713px\" \/><\/a><\/p>\n<p>6.Im n\u00e4chsten Schritt &#8222;Verdindung zulassen&#8220; w\u00e4hlen<\/p>\n<p><a href=\"http:\/\/www.j-lawyer.org\/wp-content\/uploads\/j-lawyer-server-firewall-06.png\"><img loading=\"lazy\" decoding=\"async\" class=\"aligncenter wp-image-1761 size-full\" src=\"http:\/\/www.j-lawyer.org\/wp-content\/uploads\/j-lawyer-server-firewall-06.png\" width=\"713\" height=\"580\" srcset=\"https:\/\/www.j-lawyer.org\/wp-content\/uploads\/j-lawyer-server-firewall-06.png 713w, https:\/\/www.j-lawyer.org\/wp-content\/uploads\/j-lawyer-server-firewall-06-300x244.png 300w\" sizes=\"auto, (max-width: 713px) 100vw, 713px\" \/><\/a><\/p>\n<p>7. Im n\u00e4chsten Schritt alle drei Optionen aktiviert lassen<\/p>\n<p><a href=\"http:\/\/www.j-lawyer.org\/wp-content\/uploads\/j-lawyer-server-firewall-07.png\"><img loading=\"lazy\" decoding=\"async\" class=\"aligncenter wp-image-1762 size-full\" src=\"http:\/\/www.j-lawyer.org\/wp-content\/uploads\/j-lawyer-server-firewall-07.png\" width=\"713\" height=\"580\" srcset=\"https:\/\/www.j-lawyer.org\/wp-content\/uploads\/j-lawyer-server-firewall-07.png 713w, https:\/\/www.j-lawyer.org\/wp-content\/uploads\/j-lawyer-server-firewall-07-300x244.png 300w\" sizes=\"auto, (max-width: 713px) 100vw, 713px\" \/><\/a><\/p>\n<p>8. Geben der Regel den Namen &#8222;j-lawyer.org Server 8080&#8220;<\/p>\n<p><a href=\"http:\/\/www.j-lawyer.org\/wp-content\/uploads\/j-lawyer-server-firewall-08.png\"><img loading=\"lazy\" decoding=\"async\" class=\"aligncenter wp-image-1763 size-full\" src=\"http:\/\/www.j-lawyer.org\/wp-content\/uploads\/j-lawyer-server-firewall-08.png\" width=\"713\" height=\"580\" srcset=\"https:\/\/www.j-lawyer.org\/wp-content\/uploads\/j-lawyer-server-firewall-08.png 713w, https:\/\/www.j-lawyer.org\/wp-content\/uploads\/j-lawyer-server-firewall-08-300x244.png 300w\" sizes=\"auto, (max-width: 713px) 100vw, 713px\" \/><\/a><\/p>\n<p>FERTIG!<\/p>\n","protected":false},"excerpt":{"rendered":"<p>Soll der j-lawyer.org Server auf Windows als Dienst f\u00fcr andere Ger\u00e4te mit j-lawyer.org Client agieren, so muss am Server der Port 8080 freigegeben werden. Daf\u00fcr wird hier eine Schritt-f\u00fcr-Schritt-Anleitung am Beispiel von Windows 10 geliefert: Windows Firewall \u00f6ffnen Suchen Sie via Startmen\u00fc nach einem Eintrag &#8222;Windows-Firewall&#8220; und starten Sie diese Applikation. 2. W\u00e4hlen Sie im [&hellip;]<\/p>\n","protected":false},"author":5,"featured_media":0,"parent":100,"menu_order":0,"comment_status":"closed","ping_status":"open","template":"","meta":{"_bbp_topic_count":0,"_bbp_reply_count":0,"_bbp_total_topic_count":0,"_bbp_total_reply_count":0,"_bbp_voice_count":0,"_bbp_anonymous_reply_count":0,"_bbp_topic_count_hidden":0,"_bbp_reply_count_hidden":0,"_bbp_forum_subforum_count":0,"footnotes":""},"class_list":["post-1755","page","type-page","status-publish","czr-hentry"],"_links":{"self":[{"href":"https:\/\/www.j-lawyer.org\/index.php?rest_route=\/wp\/v2\/pages\/1755","targetHints":{"allow":["GET"]}}],"collection":[{"href":"https:\/\/www.j-lawyer.org\/index.php?rest_route=\/wp\/v2\/pages"}],"about":[{"href":"https:\/\/www.j-lawyer.org\/index.php?rest_route=\/wp\/v2\/types\/page"}],"author":[{"embeddable":true,"href":"https:\/\/www.j-lawyer.org\/index.php?rest_route=\/wp\/v2\/users\/5"}],"replies":[{"embeddable":true,"href":"https:\/\/www.j-lawyer.org\/index.php?rest_route=%2Fwp%2Fv2%2Fcomments&post=1755"}],"version-history":[{"count":1,"href":"https:\/\/www.j-lawyer.org\/index.php?rest_route=\/wp\/v2\/pages\/1755\/revisions"}],"predecessor-version":[{"id":1764,"href":"https:\/\/www.j-lawyer.org\/index.php?rest_route=\/wp\/v2\/pages\/1755\/revisions\/1764"}],"up":[{"embeddable":true,"href":"https:\/\/www.j-lawyer.org\/index.php?rest_route=\/wp\/v2\/pages\/100"}],"wp:attachment":[{"href":"https:\/\/www.j-lawyer.org\/index.php?rest_route=%2Fwp%2Fv2%2Fmedia&parent=1755"}],"curies":[{"name":"wp","href":"https:\/\/api.w.org\/{rel}","templated":true}]}}