{"id":1853,"date":"2017-03-05T22:30:12","date_gmt":"2017-03-05T21:30:12","guid":{"rendered":"http:\/\/www.j-lawyer.org\/?page_id=1853"},"modified":"2017-03-05T22:35:12","modified_gmt":"2017-03-05T21:35:12","slug":"kaufen","status":"publish","type":"page","link":"https:\/\/www.j-lawyer.org\/?page_id=1853","title":{"rendered":"Kaufen"},"content":{"rendered":"<p>Die j-lawyer.org &#8211; Kanzleisoftware ist <strong>grunds\u00e4tzlich f\u00fcr Jedermann kostenfrei und unbeschr\u00e4nkt nutzbar<\/strong>. Die hier zus\u00e4tzlich angebotenen Leistungen erg\u00e4nzen das kostenlose Angebot, ein Kauf kommt direkt der Weiterentwicklung des Systems zugute.<\/p>\n<p>Zu den <a href=\"http:\/\/www.j-lawyer.org\/?page_id=1119\">Dienstleistungen rund um j-lawyer.org<\/a><\/p>\n<p>Zu den <a href=\"http:\/\/www.j-lawyer.org\/?page_id=1855\">Produkten rund um j-lawyer.org<\/a><\/p>\n","protected":false},"excerpt":{"rendered":"<p>Die j-lawyer.org &#8211; Kanzleisoftware ist grunds\u00e4tzlich f\u00fcr Jedermann kostenfrei und unbeschr\u00e4nkt nutzbar. Die hier zus\u00e4tzlich angebotenen Leistungen erg\u00e4nzen das kostenlose Angebot, ein Kauf kommt direkt der Weiterentwicklung des Systems zugute. Zu den Dienstleistungen rund um j-lawyer.org Zu den Produkten rund um j-lawyer.org<\/p>\n","protected":false},"author":5,"featured_media":0,"parent":0,"menu_order":0,"comment_status":"closed","ping_status":"closed","template":"","meta":{"_bbp_topic_count":0,"_bbp_reply_count":0,"_bbp_total_topic_count":0,"_bbp_total_reply_count":0,"_bbp_voice_count":0,"_bbp_anonymous_reply_count":0,"_bbp_topic_count_hidden":0,"_bbp_reply_count_hidden":0,"_bbp_forum_subforum_count":0,"footnotes":""},"class_list":["post-1853","page","type-page","status-publish","czr-hentry"],"_links":{"self":[{"href":"https:\/\/www.j-lawyer.org\/index.php?rest_route=\/wp\/v2\/pages\/1853","targetHints":{"allow":["GET"]}}],"collection":[{"href":"https:\/\/www.j-lawyer.org\/index.php?rest_route=\/wp\/v2\/pages"}],"about":[{"href":"https:\/\/www.j-lawyer.org\/index.php?rest_route=\/wp\/v2\/types\/page"}],"author":[{"embeddable":true,"href":"https:\/\/www.j-lawyer.org\/index.php?rest_route=\/wp\/v2\/users\/5"}],"replies":[{"embeddable":true,"href":"https:\/\/www.j-lawyer.org\/index.php?rest_route=%2Fwp%2Fv2%2Fcomments&post=1853"}],"version-history":[{"count":3,"href":"https:\/\/www.j-lawyer.org\/index.php?rest_route=\/wp\/v2\/pages\/1853\/revisions"}],"predecessor-version":[{"id":1862,"href":"https:\/\/www.j-lawyer.org\/index.php?rest_route=\/wp\/v2\/pages\/1853\/revisions\/1862"}],"wp:attachment":[{"href":"https:\/\/www.j-lawyer.org\/index.php?rest_route=%2Fwp%2Fv2%2Fmedia&parent=1853"}],"curies":[{"name":"wp","href":"https:\/\/api.w.org\/{rel}","templated":true}]}}