{"id":292,"date":"2013-12-18T21:18:55","date_gmt":"2013-12-18T20:18:55","guid":{"rendered":"http:\/\/www.j-lawyer.org\/?page_id=292"},"modified":"2020-11-03T12:03:30","modified_gmt":"2020-11-03T11:03:30","slug":"meinungen","status":"publish","type":"page","link":"https:\/\/www.j-lawyer.org\/?page_id=292","title":{"rendered":"Meinungen&#8230;"},"content":{"rendered":"<blockquote>\n<div dir=\"ltr\">\n<div>Ich bin begeistert, dass alles so gut funktioniert &#8211; und das in dieser kurzen Zeit seit meiner ersten E-Mail an Sie!<\/div>\n<\/div>\n<\/blockquote>\n<p>(ein Anwender\u00a0nach Inbetriebnahme einer Auftragsentwicklung \/ Funktionserweiterung, im November 2020)<\/p>\n<blockquote><p>Ich arbeite jetzt seit einigen Wochen mit j-Lawyer und habe meine Arbeitsabl\u00e4ufe soweit umgestellt, dass ich mich ganz gut zurecht finde. Sie ahnen nicht, wieviel schneller und effizienter ich nun meine F\u00e4lle bearbeiten kann. Ich kann mich auf das Wesentliche konzentrieren, da weniger Zeit auf Dinge, wie Drucken, abheften etc. verwendet werden.<\/p>\n<p>Ich kann nun viel leichter von zu Hause oder von irgendwo aus arbeiten. Und was ich erst an Papier spare und Zeit, dadurch, dass nicht mehr Akten von a nach b getragen werden m\u00fcssen. Oder durch die Integration des beA. In Sekundenschnelle kann ich ein Schreiben an die Gerichte schicken, keine Ausfertigung mehr, kein Drucken, kein Faxen, kein zur Post bringen, kein Porto etc.; durch den HTML Export von Akten habe ich meine F\u00e4lle nun auf dem iPad in der Hauptverhandlung, und versuche die schweren LeitzOrdner in der Kanzlei zu lassen.<\/p>\n<p>Kurzum: ich bin begeistert!<\/p><\/blockquote>\n<p>(ein Anwender\u00a0via Email, im Oktober 2020)<\/p>\n<blockquote><p>Alles funktioniert wie geschmiert. Mit den Worten Friedrich Liechtensteins: Sehr, sehr geil.<\/p><\/blockquote>\n<p>(ein Nutzer einer <a href=\"http:\/\/www.j-lawyer.org\/?page_id=1855\">j-lawyer.BOX<\/a> via Email, im August 2017)<\/p>\n<blockquote><p>Herzlichen Dank f\u00fcr diese Software! Dahinter steht eine Menge Arbeit und eine tolle Idee! Hervorragend geeignet im Zusammenhang mit beA zur Umstelung auf ein \u201epapierloses B\u00fcro\u201c. Ebenfalls geeignet als Software f\u00fcr Haus- und Mietverwaltungen. Der Autor ist mehr als nett, sehr geduldig und hilfsbereit!<\/p>\n<p>Dieses Projekt zu unterst\u00fctzen lohnt sich. Weiter so&#8230;<\/p><\/blockquote>\n<p>(ein Anwender via Email, im Juni 2017)<\/p>\n<blockquote><p>Herzlichen Dank \u2013 vor allem auch f\u00fcr die prompte Antwort an einem Sonntag!<\/p><\/blockquote>\n<p>(ein Anwender via Forum, im Februar 2016)<\/p>\n<blockquote><p>Ich fange gerade erst an, mich mit diesem Programm zu besch\u00e4ftigen und komme als Computer-Laie sehr gut damit zurecht.<\/p><\/blockquote>\n<p>(ein Anwender via Forum, im Juni 2015)<\/p>\n<blockquote><p>&#8222;Herzlichen Dank f\u00fcr die tollen Verbesserungen! Besonders die Vorschau zu den einzelnen Dokumenten und die extra Dateifelder zu den Akten sind super n\u00fctzlich. Tolle Arbeit! Und das Update war eine Sache von 5 Minuten.&#8220;<\/p><\/blockquote>\n<p>(eine Anwenderin via Forum, nach Update auf Version 1.7 im Februar 2015)<\/p>\n<blockquote><p>&#8222;Vielen Dank f\u00fcr die tolle Arbeit und weiter so! Ich bin schon sehr gespannt auf V1.7!&#8220;<\/p><\/blockquote>\n<p>(ein Anwender per E-Mail im Juli 2014)<\/p>\n<blockquote><p>&#8222;Im Allgemeinen bin ich mit j-lawyer sehr zufrieden. Vor allem die Vorlagen und die eingebauten Verweise zu den Dossiers sind eine enorme Zeitersparnis. Abschlie\u00dfend m\u00f6chte ich f\u00fcr die investierte Zeit, vor allem w\u00e4hrend der Einf\u00fchrung vor drei Wochen, bedanken.&#8220;<\/p><\/blockquote>\n<p>(ein erster Anwender in den Niederlanden im Juni 2014)<\/p>\n<blockquote><p>&#8222;Eine beispiellos herausragende Arbeit, die wirklich \u00fcberzeugt und mehr als nur hilfreich im t\u00e4glichen Kanzleileben ist.&#8220;<\/p><\/blockquote>\n<p>(ein Forennutzer im M\u00e4rz 2014)<\/p>\n<blockquote><p>&#8222;Das System funktioniert mit Vorlagen und Schnittstelle so reibungslos, dass ich im Beisein der Mandanten die Akten fertig anlege und meist auch alle Schreiben fertig mache.<br \/>\nDer Drebis-Assistent ist eine sehr gro\u00dfe Hilfe. Das System ist wirklich in sich schl\u00fcssig.&#8220;<\/p><\/blockquote>\n<p>(ein Anwender per E-Mail im Februar 2014)<\/p>\n<blockquote><p>&#8222;Besten Dank f\u00fcr die tatkr\u00e4ftige Unterst\u00fctzung. [&#8230;] Wir haben bereits einige Akten angelegt und Adressen etc. eingegeben. Bedienung und Funktion bislang m. E. sehr komfortabel und f\u00fcr unseren Bedarf bestens geeignet.&#8220;<\/p><\/blockquote>\n<p>(ein Anwender per E-Mail im Januar 2014)<\/p>\n<blockquote><p>&#8222;So macht das doch Spa\u00df! [&#8230;] Vielen Dank f\u00fcr den raschen Support!&#8220;<\/p><\/blockquote>\n<p>(ein Forennutzer im Januar 2014)<\/p>\n<blockquote><p>&#8222;Ein recht herzliches Kompliment f\u00fcr die gro\u00dfartige Anwendung. Hat mir den Einstieg im Beruf wesentlich erleichtert.&#8220;<\/p><\/blockquote>\n<p>(ein Forennutzer im Dezember 2013)<\/p>\n<blockquote><p>&#8222;Daumen hoch f\u00fcr den Initiator des Projektes, das h\u00f6rt sich richtig gut an. Ich habe erst jetzt von dem Projekt erfahren und habe nat\u00fcrlich gleich den Server auf einem Linux-Rechner installiert.&#8220;<\/p><\/blockquote>\n<p>(ein Forennutzer im November 2013)<\/p>\n<blockquote><p>&#8222;Ich bin beauftragt worden eine Anwaltssoftware unter Ubuntu zu installieren und bin dabei auf j-lawyer gesto\u00dfen. Ein tolles Programm.&#8220;<\/p><\/blockquote>\n<p>(ein Forennutzer im Oktober 2013)<\/p>\n<blockquote><p>&#8222;Nachdem ich j-lawyer jetzt einige Zeit in der Praxis getestet habe, muss ich sagen, dass es eine wirklich gro\u00dfe Hilfe ist&#8220;<\/p><\/blockquote>\n<p>(ein Forennutzer im Januar 2013)<\/p>\n<blockquote><p>&#8222;Nachdem ich von meiner Frau beauftragt wurde ihr eine Anwaltssoftware zu suchen, welche ihr die Arbeit erleichtert und ich auf der Suche auf j-lawyer gesto\u00dfen bin, war ich echt begeistert.&#8220;<\/p><\/blockquote>\n<p>(ein Forennutzer im Juni 2012)<\/p>\n","protected":false},"excerpt":{"rendered":"<p>Ich bin begeistert, dass alles so gut funktioniert &#8211; und das in dieser kurzen Zeit seit meiner ersten E-Mail an Sie! (ein Anwender\u00a0nach Inbetriebnahme einer Auftragsentwicklung \/ Funktionserweiterung, im November 2020) Ich arbeite jetzt seit einigen Wochen mit j-Lawyer und habe meine Arbeitsabl\u00e4ufe soweit umgestellt, dass ich mich ganz gut zurecht finde. Sie ahnen nicht, [&hellip;]<\/p>\n","protected":false},"author":5,"featured_media":0,"parent":8,"menu_order":0,"comment_status":"open","ping_status":"open","template":"","meta":{"_bbp_topic_count":0,"_bbp_reply_count":0,"_bbp_total_topic_count":0,"_bbp_total_reply_count":0,"_bbp_voice_count":0,"_bbp_anonymous_reply_count":0,"_bbp_topic_count_hidden":0,"_bbp_reply_count_hidden":0,"_bbp_forum_subforum_count":0,"footnotes":""},"class_list":["post-292","page","type-page","status-publish","czr-hentry"],"_links":{"self":[{"href":"https:\/\/www.j-lawyer.org\/index.php?rest_route=\/wp\/v2\/pages\/292","targetHints":{"allow":["GET"]}}],"collection":[{"href":"https:\/\/www.j-lawyer.org\/index.php?rest_route=\/wp\/v2\/pages"}],"about":[{"href":"https:\/\/www.j-lawyer.org\/index.php?rest_route=\/wp\/v2\/types\/page"}],"author":[{"embeddable":true,"href":"https:\/\/www.j-lawyer.org\/index.php?rest_route=\/wp\/v2\/users\/5"}],"replies":[{"embeddable":true,"href":"https:\/\/www.j-lawyer.org\/index.php?rest_route=%2Fwp%2Fv2%2Fcomments&post=292"}],"version-history":[{"count":25,"href":"https:\/\/www.j-lawyer.org\/index.php?rest_route=\/wp\/v2\/pages\/292\/revisions"}],"predecessor-version":[{"id":3926,"href":"https:\/\/www.j-lawyer.org\/index.php?rest_route=\/wp\/v2\/pages\/292\/revisions\/3926"}],"up":[{"embeddable":true,"href":"https:\/\/www.j-lawyer.org\/index.php?rest_route=\/wp\/v2\/pages\/8"}],"wp:attachment":[{"href":"https:\/\/www.j-lawyer.org\/index.php?rest_route=%2Fwp%2Fv2%2Fmedia&parent=292"}],"curies":[{"name":"wp","href":"https:\/\/api.w.org\/{rel}","templated":true}]}}