{"id":32,"date":"2012-05-08T20:38:53","date_gmt":"2012-05-08T20:38:53","guid":{"rendered":"http:\/\/www.j-lawyer.org\/?page_id=32"},"modified":"2023-10-02T13:28:20","modified_gmt":"2023-10-02T11:28:20","slug":"kurzanleitung","status":"publish","type":"page","link":"https:\/\/www.j-lawyer.org\/?page_id=32","title":{"rendered":"Kurzanleitung"},"content":{"rendered":"\n            <style>\n                #mica_ecta_1.mica_ecta_layout{\n                    padding-top: 20px !important;\n                    padding-bottom: 20px !important;\n                    padding-left: 30px !important;\n                    padding-right: 30px !important;\n                    border-radius: 10px !important;\n                    background-color: #0e72b5 !important;\n                    text-align: left !important;\n                }\n\n                #mica_ecta_1 .mica_ecta_title{\n                    font-size: 28px !important;\n                    font-weight: 700 !important;\n                    color: #97bf0d !important;\n                    line-height: 1.3 !important;\n                    margin-top: 0 !important;\n                    margin-bottom: 0.5rem !important;\n                }\n\n                #mica_ecta_1 .mica_ecta_text{\n                    font-size: 16px !important;\n                    font-weight: 400 !important;\n                    color: #ffffff !important;\n                    line-height: 1.5 !important;\n                    margin-top: 0 !important;\n                    margin-bottom: 1rem !important;\n                }\n                \n                #mica_ecta_1 .mica_ecta_btn{\n                    font-size: 16px !important;\n                    font-weight: 700 !important;\n                    color: #1b1b1b !important;\n                    background-color: #97bf0d !important;\n                    padding-top: 8px !important;\n                    padding-bottom: 8px !important;\n                    padding-left: 16px !important;\n                    padding-right: 16px !important;\n                    border-radius: 6px !important;\n                    text-decoration: none !important;\n                    outline: none !important;\n                    transition: all 0.3s ease !important;\n                    margin-top: 5px !important;\n                    display: inline-block !important;\n                }\n                \n                #mica_ecta_1 .mica_ecta_btn:hover{\n                    color: #ffffff !important;\n                    background-color: #de313b !important;\n                }\n            <\/style>\n            <div id='mica_ecta_1' class='mica_ecta_layout'><h3 class='mica_ecta_title'>j-lawyer.org in der Cloud ausprobieren<\/h3><p class='mica_ecta_text'>Sie k\u00f6nnen j-lawyer.org selbst betreiben - oder Sie lassen uns das machen. Wir sind die j-lawyer-Experten!\r\n\u2713Hosting in Deutschland     \u2713Support     \u2713einfach und sicher<\/p><a href='https:\/\/j-lawyer.cloud\/cloudzugang-anfordern\/' class='mica_ecta_btn' >Kostenlos testen<\/a><\/div>\n<p>Die Kurzanleitung soll Ihnen helfen, schnell eine fertig konfigurierte j-lawyer &#8211; Installation zu erstellen, die korrekte Funktionsweise sicherzustellen und mit den wichtigsten Funktionen des Programmes vertraut zu sein. Dazu ben\u00f6tigen Sie 6 bis 11 Schritte:<\/p>\n<p><strong>Schritt 1: Installation<\/strong><\/p>\n<p>Pr\u00fcfen Sie, ob Ihre Systeme die <a title=\"Installation\" href=\"http:\/\/www.j-lawyer.org\/?page_id=88\">Mindestvoraussetzungen<\/a> erf\u00fcllen, und folgen Sie der <a title=\"Installation\" href=\"http:\/\/www.j-lawyer.org\/?page_id=88\">Installationsanleitung<\/a>. Bei Installationsproblemen nutzen Sie das <a title=\"Forum\" href=\"http:\/\/www.j-lawyer.org\/?page_id=673\">Anwenderforum<\/a>.<\/p>\n<p><strong>Schritt 2: Kanzleiprofil ausf\u00fcllen<\/strong><\/p>\n<p>Beim ersten Start &#8222;fragt&#8220; die Anwendung nach den Profilinformationen &#8211; das sind die Daten die bspw. in den Briefkopf \u00fcbernommen werden: Anschrift, Kontaktinformationen, Bankverbindung etc.<\/p>\n<p>Wird dieser Schritt \u00fcbersprungen, so kann das Kanzleiprofil nachtr\u00e4glich \u00fcber das Men\u00fc &#8222;Einstellungen&#8220; &#8211; &#8222;Kanzleiprofil&#8220; angepasst werden<\/p>\n<p><strong>Schritt 3: Datensicherungen konfigurieren<\/strong><\/p>\n<p>Ebenfalls beim ersten Start wird gebeten, die automatische Datensicherung zu konfigurieren. Dort ist ein gew\u00fcnschter Zyklus, sowie das bei der Installation verwendete \/ angezeigte Datenbankpasswort einzutragen.<\/p>\n<p>Wird dieser Schritt \u00fcbersprungen, so k\u00f6nnen die Einstellungen nachtr\u00e4glich \u00fcber das Men\u00fc &#8222;Einstellungen&#8220; &#8211; &#8222;Datensicherung&#8220; gesetzt werden.<\/p>\n<p>Die Sicherungen werden dann lokal auf dem Server erstellt und sollten von dort regelm\u00e4\u00dfig auf ein anderes Medium kopiert werden. Eine vollautomatische Synchronisationsm\u00f6glichkeit ist in der Dokumentation beschrieben.<\/p>\n<p><strong><strong>Schritt 4: <\/strong>Import deutsches Banken- und Ortschaftenverzeichnis<\/strong><\/p>\n<p>\u00dcber das Men\u00fc &#8222;Datei&#8220; k\u00f6nnen Sie beide Verzeichnisse importieren.<\/p>\n<p><strong><strong>Schritt 5: <\/strong>\u00c4ndern des Administrator-Passwortes<\/strong><\/p>\n<p>\u00dcber das Men\u00fc &#8222;Einstellungen&#8220; k\u00f6nnen Sie die Nutzerverwaltung aufrufen um das Passwort zu \u00e4ndern.<\/p>\n<p><strong><strong>Schritt 6 (optional): <\/strong>Anlegen zus\u00e4tzlicher Nutzer<\/strong><\/p>\n<p>Sollten weitere Nutzer gew\u00fcnscht sein, k\u00f6nnen Sie ebenfalls \u00fcber die Nutzerverwaltung weitere Nutzer anlegen.<\/p>\n<p><strong><strong>Schritt 7: <\/strong>Erstellen der wichtigsten Bausteine: Anreden, Grussformeln, Diktatzeichen und Wiedervorlagegr\u00fcnde<\/strong><\/p>\n<p>Ebenfalls \u00fcber das Men\u00fc &#8222;Einstellungen&#8220; k\u00f6nnen Sie wichtige Textbausteine definieren und so vermeiden, diese wiederholt neu eingeben zu m\u00fcssen:<\/p>\n<ul>\n<li>Anreden und Titel (f\u00fcr Adressverwaltung und Nutzung in Dokumenten)<\/li>\n<li>Grussformeln (f\u00fcr Adressverwaltung und Nutzung in Dokumenten)<\/li>\n<li>Diktatzeichen<\/li>\n<li>Wiedervorlagegr\u00fcnde (genutzt in der Aktenverwaltung)<\/li>\n<li>Sachgebiete<\/li>\n<\/ul>\n<p><strong><strong>Schritt 8: <\/strong>Erstellen einer ersten Dokumentvorlage<\/strong><\/p>\n<p>\u00dcber den Navigationsbaum k\u00f6nnen Sie auf Basis einer bestehenden Vorlage neue Vorlagen erstellen und mit Platzhaltern (siehe Dokumentation) versehen. Als Demonstrationsobjekt kann man in die Vorlage &#8222;j-lawyer-allgemeiner-Brief-Mandant.odt&#8220; schauen &#8211; diese Vorlage ist als allgemein gehaltener Schriftsatz konzipiert.<\/p>\n<p><strong><strong>Schritt 9 (optional): <\/strong>Erstellen einer Adresse<\/strong><\/p>\n<p>Nun k\u00f6nnen Sie Ihre erste Adresse erstellen.<\/p>\n<p><strong><strong>Schritt 10 (optional): <\/strong>Erstellen einer Akte<\/strong><\/p>\n<p>Analog zur Erstellung von Adressen k\u00f6nnen Sie nun testweise eine Akte anlegen und unter &#8222;Beteiligte&#8220; die vorhandene Adresse verkn\u00fcpfen.<\/p>\n<p><strong>Schritt 11 (optional): Definieren von Etiketten<br \/>\n<\/strong><\/p>\n<p>Sofern Sie die Etiketten-Funktionalit\u00e4t (eine Art digitale Haftnotiz) f\u00fcr Adressen, Akten oder Dokumente nutzen m\u00f6chten, k\u00f6nnen Sie \u00fcber das Einstellungs-Men\u00fc die gew\u00fcnschten Etiketten vordefinieren, die dann in der Akte \/ Adresse durch einfachen Klick aktiviert werden k\u00f6nnen.<\/p>\n<p>Auf dem Desktop kann man dann Etiketten &#8222;abonnieren&#8220; und so Akten und Dokumente immer im Blick haben, an denen ein oder mehrer bestimmte Haftnotizen h\u00e4ngen.<\/p>\n","protected":false},"excerpt":{"rendered":"<p>Die Kurzanleitung soll Ihnen helfen, schnell eine fertig konfigurierte j-lawyer &#8211; Installation zu erstellen, die korrekte Funktionsweise sicherzustellen und mit den wichtigsten Funktionen des Programmes vertraut zu sein. Dazu ben\u00f6tigen Sie 6 bis 11 Schritte: Schritt 1: Installation Pr\u00fcfen Sie, ob Ihre Systeme die Mindestvoraussetzungen erf\u00fcllen, und folgen Sie der Installationsanleitung. Bei Installationsproblemen nutzen Sie [&hellip;]<\/p>\n","protected":false},"author":1,"featured_media":0,"parent":8,"menu_order":7,"comment_status":"closed","ping_status":"open","template":"","meta":{"_bbp_topic_count":0,"_bbp_reply_count":0,"_bbp_total_topic_count":0,"_bbp_total_reply_count":0,"_bbp_voice_count":0,"_bbp_anonymous_reply_count":0,"_bbp_topic_count_hidden":0,"_bbp_reply_count_hidden":0,"_bbp_forum_subforum_count":0,"footnotes":""},"class_list":["post-32","page","type-page","status-publish","czr-hentry"],"_links":{"self":[{"href":"https:\/\/www.j-lawyer.org\/index.php?rest_route=\/wp\/v2\/pages\/32","targetHints":{"allow":["GET"]}}],"collection":[{"href":"https:\/\/www.j-lawyer.org\/index.php?rest_route=\/wp\/v2\/pages"}],"about":[{"href":"https:\/\/www.j-lawyer.org\/index.php?rest_route=\/wp\/v2\/types\/page"}],"author":[{"embeddable":true,"href":"https:\/\/www.j-lawyer.org\/index.php?rest_route=\/wp\/v2\/users\/1"}],"replies":[{"embeddable":true,"href":"https:\/\/www.j-lawyer.org\/index.php?rest_route=%2Fwp%2Fv2%2Fcomments&post=32"}],"version-history":[{"count":18,"href":"https:\/\/www.j-lawyer.org\/index.php?rest_route=\/wp\/v2\/pages\/32\/revisions"}],"predecessor-version":[{"id":5618,"href":"https:\/\/www.j-lawyer.org\/index.php?rest_route=\/wp\/v2\/pages\/32\/revisions\/5618"}],"up":[{"embeddable":true,"href":"https:\/\/www.j-lawyer.org\/index.php?rest_route=\/wp\/v2\/pages\/8"}],"wp:attachment":[{"href":"https:\/\/www.j-lawyer.org\/index.php?rest_route=%2Fwp%2Fv2%2Fmedia&parent=32"}],"curies":[{"name":"wp","href":"https:\/\/api.w.org\/{rel}","templated":true}]}}