{"id":355,"date":"2014-02-02T00:46:33","date_gmt":"2014-02-01T23:46:33","guid":{"rendered":"http:\/\/www.j-lawyer.org\/?page_id=355"},"modified":"2024-03-01T22:55:20","modified_gmt":"2024-03-01T21:55:20","slug":"installation-mac-os-x","status":"publish","type":"page","link":"https:\/\/www.j-lawyer.org\/?page_id=355","title":{"rendered":"Installation macOS"},"content":{"rendered":"\n            <style>\n                #mica_ecta_1.mica_ecta_layout{\n                    padding-top: 20px !important;\n                    padding-bottom: 20px !important;\n                    padding-left: 30px !important;\n                    padding-right: 30px !important;\n                    border-radius: 10px !important;\n                    background-color: #0e72b5 !important;\n                    text-align: left !important;\n                }\n\n                #mica_ecta_1 .mica_ecta_title{\n                    font-size: 28px !important;\n                    font-weight: 700 !important;\n                    color: #97bf0d !important;\n                    line-height: 1.3 !important;\n                    margin-top: 0 !important;\n                    margin-bottom: 0.5rem !important;\n                }\n\n                #mica_ecta_1 .mica_ecta_text{\n                    font-size: 16px !important;\n                    font-weight: 400 !important;\n                    color: #ffffff !important;\n                    line-height: 1.5 !important;\n                    margin-top: 0 !important;\n                    margin-bottom: 1rem !important;\n                }\n                \n                #mica_ecta_1 .mica_ecta_btn{\n                    font-size: 16px !important;\n                    font-weight: 700 !important;\n                    color: #1b1b1b !important;\n                    background-color: #97bf0d !important;\n                    padding-top: 8px !important;\n                    padding-bottom: 8px !important;\n                    padding-left: 16px !important;\n                    padding-right: 16px !important;\n                    border-radius: 6px !important;\n                    text-decoration: none !important;\n                    outline: none !important;\n                    transition: all 0.3s ease !important;\n                    margin-top: 5px !important;\n                    display: inline-block !important;\n                }\n                \n                #mica_ecta_1 .mica_ecta_btn:hover{\n                    color: #ffffff !important;\n                    background-color: #de313b !important;\n                }\n            <\/style>\n            <div id='mica_ecta_1' class='mica_ecta_layout'><h3 class='mica_ecta_title'>j-lawyer.org in der Cloud ausprobieren<\/h3><p class='mica_ecta_text'>Sie k\u00f6nnen j-lawyer.org selbst betreiben - oder Sie lassen uns das machen. Wir sind die j-lawyer-Experten!\r\n\u2713Hosting in Deutschland     \u2713Support     \u2713einfach und sicher<\/p><a href='https:\/\/j-lawyer.cloud\/cloudzugang-anfordern\/' class='mica_ecta_btn' >Kostenlos testen<\/a><\/div>\n<p><span style=\"color: #339966;\"><strong>Installations-Service:<\/strong><\/span> wenn Sie j-lawyer.org installieren lassen m\u00f6chten oder anderweitigen Beratungsbedarf haben, finden Sie hier entsprechende Kontakte und <a href=\"http:\/\/www.j-lawyer.org\/?page_id=1119\">Dienstleistungen rund um j-lawyer.org<\/a>.<\/p>\n<p><strong>Hinweis:<\/strong> Stellen Sie sicher da\u00df Ihr System die <a href=\"http:\/\/www.j-lawyer.org\/?page_id=88\">Mindestvoraussetzungen<\/a> erf\u00fcllt. Diese Anleitung ist g\u00fcltig f\u00fcr j-lawyer.org ab Version 2.6.<\/p>\n<p>Die Installation gliedert sich in zwei Teile: (1) einem Server, der im Hintergrund l\u00e4uft, f\u00fcr die zentrale Datenhaltung zust\u00e4ndig ist und einen Gro\u00dfteil der &#8222;Arbeit&#8220; \u00fcbernimmt und (2) eine oder mehrere Installationen des Clients, dem eigentlichen Programm das vom Endanwender gestartet und bedient wird. Der Client verbindet sich dazu mit dem Server.<\/p>\n<p>Beide Komponenten werden grunds\u00e4tzlich ben\u00f6tigt, auch bei Einzelplatzinstallationen &#8211; dann befinden sich beide Teile auf dem selben Ger\u00e4t. In einem Netzwerk mit mehreren Nutzern gibt es in der Regel genau eine Serverinstallation und mehrere Clients.<\/p>\n<p><strong>Inhalt:<\/strong><\/p>\n<ol>\n<li><a href=\"#install-server\">Installationsanleitung Server<\/a><\/li>\n<li><a href=\"#install-client\">Installationsanleitung Client<\/a><\/li>\n<\/ol>\n<p><strong><a name=\"install-server\"><\/a>Installation des j-lawyer &#8211; Servers auf Mac OS X-Systemen<\/strong><\/p>\n<p>Hinweis: die MySQL-Installation ist derzeit noch nicht vollautomatisch. Im Rahmen der Installation erh\u00e4lt man jedoch exakte Instruktionen, und den Download \u00fcbernimmt der Installer.<\/p>\n<p>(1) Download und Installation<\/p>\n<p>j-lawyer.org Server-Installer ausf\u00fchren: Ctrl\/Strg + Klick auf .dmg \u2013 Datei im Downloadverzeichnis, dann im Kontextmen\u00fc &#8222;\u00d6ffnen&#8220; w\u00e4hlen. Sie m\u00fcssen die Installation von nicht signierten \/ aus dem Internet heruntergeladener Software best\u00e4tigen.<\/p>\n<p>Danach folgen Sie den Anweisungen.<\/p>\n<p>(2) Server starten<\/p>\n<p>Bei Installation als Dienst: nach erfolgreicher Installation l\u00e4uft der Dienst bereits. Sollte es notwendig sein den Dienst manuell zu stoppen \/ starten, so kann das mit folgenden Kommandos erledigt werden:<\/p>\n<ul>\n<li>in Verzeichnis wechseln: cd \/Library\/LaunchDaemons<\/li>\n<li>Start: sudo launchctl load -w j-lawyer-server.plist<\/li>\n<li>Stop: sudo launchctl unload j-lawyer-server.plist<\/li>\n<li>Status abfragen: sudo launchctl list | grep lawyer\n<ul>\n<li>die erste Spalte enth\u00e4lt eine Zahl (PID) wenn der Dienst l\u00e4uft, oder ist leer wenn der Dienst gestoppt ist<\/li>\n<\/ul>\n<\/li>\n<\/ul>\n<p>Bei manuellem Start\/Stopp: \u00d6ffnen Sie ein Terminal und nutzen Sie folgende Kommandos:<\/p>\n<ul>\n<li>cd \/Applications\/j-lawyer-server (oder ein anderes bei der Installation gew\u00e4hltes Verzeichnis)<\/li>\n<li>sudo sh start-server-mac.sh<\/li>\n<li>Herunterfahren durch Abbrechen des Prozesses mit Strg+C.<\/li>\n<\/ul>\n<p><strong><a name=\"install-client\"><\/a>Installation des j-lawyer &#8211; Clients auf Mac OS X-Systemen<\/strong><\/p>\n<p>(1) Download und Installation des j-lawyer &#8211; Clients<\/p>\n<p>j-lawyer.org Client-Installer ausf\u00fchren: Ctrl\/Strg + Klick auf .dmg \u2013 Datei im Downloadverzeichnis, dann im Kontextmen\u00fc &#8222;\u00d6ffnen&#8220; w\u00e4hlen. Sie m\u00fcssen die Installation von nicht signierten \/ aus dem Internet heruntergeladener Software best\u00e4tigen.<\/p>\n<p>(2) Start des Clients<\/p>\n<p>j-lawyer.org Client \u00fcber Verkn\u00fcpfung starten (<strong>Hinweis:<\/strong> unter \u201eVerbindung\u201c im Login-Dialog bei beiden Portangaben 8080 eintragen)<\/p>\n<p>Es sind zwei Nutzer voreingestellt:<\/p>\n<ul>\n<li>Administrator mit Nutzername &#8222;admin&#8220; und Passwort &#8222;a&#8220;<\/li>\n<li>Nutzer mit Nutzername &#8222;user&#8220; und Passwort &#8222;u&#8220;<\/li>\n<\/ul>\n<p>(3) Einstellungen<\/p>\n<p>Folgen Sie der <a title=\"Kurzanleitung\" href=\"http:\/\/www.j-lawyer.org\/?page_id=32\">Kurzanleitung<\/a>, um die wichtigsten Einstellungen vorzunehmen.<\/p>\n","protected":false},"excerpt":{"rendered":"<p>Installations-Service: wenn Sie j-lawyer.org installieren lassen m\u00f6chten oder anderweitigen Beratungsbedarf haben, finden Sie hier entsprechende Kontakte und Dienstleistungen rund um j-lawyer.org. Hinweis: Stellen Sie sicher da\u00df Ihr System die Mindestvoraussetzungen erf\u00fcllt. Diese Anleitung ist g\u00fcltig f\u00fcr j-lawyer.org ab Version 2.6. Die Installation gliedert sich in zwei Teile: (1) einem Server, der im Hintergrund l\u00e4uft, f\u00fcr [&hellip;]<\/p>\n","protected":false},"author":5,"featured_media":0,"parent":88,"menu_order":0,"comment_status":"open","ping_status":"open","template":"","meta":{"_bbp_topic_count":0,"_bbp_reply_count":0,"_bbp_total_topic_count":0,"_bbp_total_reply_count":0,"_bbp_voice_count":0,"_bbp_anonymous_reply_count":0,"_bbp_topic_count_hidden":0,"_bbp_reply_count_hidden":0,"_bbp_forum_subforum_count":0,"footnotes":""},"class_list":["post-355","page","type-page","status-publish","czr-hentry"],"_links":{"self":[{"href":"https:\/\/www.j-lawyer.org\/index.php?rest_route=\/wp\/v2\/pages\/355","targetHints":{"allow":["GET"]}}],"collection":[{"href":"https:\/\/www.j-lawyer.org\/index.php?rest_route=\/wp\/v2\/pages"}],"about":[{"href":"https:\/\/www.j-lawyer.org\/index.php?rest_route=\/wp\/v2\/types\/page"}],"author":[{"embeddable":true,"href":"https:\/\/www.j-lawyer.org\/index.php?rest_route=\/wp\/v2\/users\/5"}],"replies":[{"embeddable":true,"href":"https:\/\/www.j-lawyer.org\/index.php?rest_route=%2Fwp%2Fv2%2Fcomments&post=355"}],"version-history":[{"count":25,"href":"https:\/\/www.j-lawyer.org\/index.php?rest_route=\/wp\/v2\/pages\/355\/revisions"}],"predecessor-version":[{"id":5914,"href":"https:\/\/www.j-lawyer.org\/index.php?rest_route=\/wp\/v2\/pages\/355\/revisions\/5914"}],"up":[{"embeddable":true,"href":"https:\/\/www.j-lawyer.org\/index.php?rest_route=\/wp\/v2\/pages\/88"}],"wp:attachment":[{"href":"https:\/\/www.j-lawyer.org\/index.php?rest_route=%2Fwp%2Fv2%2Fmedia&parent=355"}],"curies":[{"name":"wp","href":"https:\/\/api.w.org\/{rel}","templated":true}]}}