{"id":398,"date":"2014-03-03T22:41:34","date_gmt":"2014-03-03T21:41:34","guid":{"rendered":"http:\/\/www.j-lawyer.org\/?page_id=398"},"modified":"2024-11-20T20:31:41","modified_gmt":"2024-11-20T19:31:41","slug":"j-lawyer-org-unterstuetzen","status":"publish","type":"page","link":"https:\/\/www.j-lawyer.org\/?page_id=398","title":{"rendered":"Unterst\u00fctzer"},"content":{"rendered":"<p><span style=\"text-decoration: underline;\"><strong>Besonderer Dank gilt den folgenden Unterst\u00fctzern:<\/strong><\/span><\/p>\n<table>\n<thead>\n<tr>\n<th><strong>Unterst\u00fctzer<\/strong><\/th>\n<th>Beitrag<\/th>\n<\/tr>\n<\/thead>\n<tbody>\n<tr>\n<td><strong><a title=\"Anwaltskanzlei Haupt, Riesa\" href=\"http:\/\/www.anwaltskanzlei-haupt.de\/\" target=\"_blank\" rel=\"noopener noreferrer\">Anwaltskanzlei Haupt<\/a>, Riesa<br \/>\n<\/strong>Kanzlei f\u00fcr Verkehrsrecht, Familienrecht, Erbrecht, Arbeitsrecht, Allgemeines Zivilrecht, Mietrecht, Strafrecht. Kontaktinformationen auf der Website.<strong><br \/>\n<\/strong><\/td>\n<td>Fortlaufende Unterst\u00fctzung bei der inhaltlichen Konzeption, regelm\u00e4\u00dfige Durchf\u00fchrung von Tests (Vorabversionen).<\/td>\n<\/tr>\n<tr>\n<td><strong><a title=\"ej-technologies GmbH\" href=\"http:\/\/www.ej-technologies.com\" target=\"_blank\" rel=\"noopener noreferrer\">ej-technologies GmbH<\/a>, M\u00fcnchen<br \/>\n<\/strong><strong><img decoding=\"async\" src=\"https:\/\/www.ej-technologies.com\/images\/product_banners\/install4j_large.png\" alt=\"install4j\" \/><br \/>\n<\/strong><\/td>\n<td>Kostenlose Lizenzen f\u00fcr <a title=\"ej-technologies GmbH - install4j\" href=\"http:\/\/www.ej-technologies.com\/products\/install4j\/overview.html\" target=\"_blank\" rel=\"noopener noreferrer\">install4j, einem Multi-Platform Java Installer Builder<\/a><\/td>\n<\/tr>\n<tr>\n<td><strong><a title=\"Haag Rechtsanw\u00e4lte, Wermelskirchen\" href=\"http:\/\/www.haag.net\" target=\"_blank\" rel=\"noopener noreferrer\">Haag Rechtsanw\u00e4lte<\/a>, Wermelskirchen<br \/>\n<a href=\"http:\/\/www.haag.net\"><img loading=\"lazy\" decoding=\"async\" class=\"alignnone wp-image-1953 size-full\" src=\"https:\/\/www.j-lawyer.org\/wp-content\/uploads\/logo_haag_300x144-e1495479647251.png\" alt=\"\" width=\"150\" height=\"72\" \/><\/a> <\/strong><strong><br \/>\n<\/strong>Seit \u00fcber 80 Jahren ber\u00e4t und vertritt die Kanzlei Unternehmen, Selbst\u00e4ndige, Handwerker und Privatleute auf vielf\u00e4ltigen Gebieten des Rechts. Schwerpunkte sind insbesondere das Strafrecht und das Recht der KFZ-H\u00e4ndler<strong>.<br \/>\n<\/strong><\/td>\n<td>Die Kanzlei hat in vielerlei Hinsicht unterst\u00fctzt: insbesondere wurden funktionale Erweiterungen im Rahmen der j-lawyer.org Version 1.8.1 &#8222;gespendet&#8220; im Sinne einer Auftragsentwicklung, mit ausdr\u00fccklichem Wunsch die Ergebnisse der Allgemeinheit zur Verf\u00fcgung stellen.<br \/>\nZus\u00e4tzlich arbeitete die Kanzlei sehr eng und fundiert mit an der Einf\u00fchrung der <a href=\"http:\/\/www.j-lawyer.org\/?page_id=1853\">j-lawyer.BOX<\/a> und stellte eine vollst\u00e4ndige Test- und Entwicklungsumgebung f\u00fcr macOS zur Verf\u00fcgung.<\/td>\n<\/tr>\n<tr>\n<td><strong><a title=\"Rechtsanwalt Martin Lyko, Halle \/ Saale\" href=\"https:\/\/www.ra-lyko.de\" target=\"_blank\" rel=\"noopener noreferrer\">Rechtsanwalt Martin Lyko<\/a>, Halle \/ Saale<br \/>\n<a href=\"https:\/\/www.ra-lyko.de\"><img loading=\"lazy\" decoding=\"async\" class=\"alignnone wp-image-1953 size-full\" src=\"https:\/\/www.j-lawyer.org\/wp-content\/uploads\/ra-lyko.png\" alt=\"\" width=\"150\" height=\"72\" \/><\/a> <\/strong><strong><br \/>\n<\/strong>Fachanwalt f\u00fcr Familienrecht. Neben dem Schwerpunkt seiner Kanzleit\u00e4tigkeit arbeitet RA Lyko auch spezialgebiets\u00fcbergreifend, zum Beispiel im Verkehrsrecht, Sozialrecht, Miet- und WEG Recht, Arbeitsrecht oder dem allgemeinen Zivilrecht.<strong><br \/>\n<\/strong><\/td>\n<td>Martin Lyko hat insbesondere Telefoniefunktionen im Rahmen der j-lawyer.org Version 1.14 gesponsort, mit ausdr\u00fccklichem Wunsch die Ergebnisse der Allgemeinheit zur Verf\u00fcgung zu stellen.<br \/>\nZus\u00e4tzlich wurden wiederholt Tests im Vorfeld der Ver\u00f6ffentlichung neuer Versionen aktiv unterst\u00fctzt.<\/td>\n<\/tr>\n<tr>\n<td><strong><a href=\"https:\/\/steinertstrafrecht.com\/\" target=\"_blank\" rel=\"noopener\">Steinert Strafrecht<\/a>, Paderborn<br \/>\n<\/strong>Strafrecht und Strafverteidigung<\/td>\n<td>Die Kanzlei hat einen Teil des Funktionsumfangs der j-lawyer.org Versionen 2.1, 2.2 und 3.0 gesponsort (im Sinne einer Auftragsentwicklung), bei gleichzeitigem Wunsch die Arbeitsergebnisse vollst\u00e4ndig Open Source zur Verf\u00fcgung zu stellen.<\/p>\n<p>Au\u00dferdem tr\u00e4gt die Kanzlei durch eigene Programmiert\u00e4tigkeiten aktiv zur Weiterentwicklung bei.<\/td>\n<\/tr>\n<tr>\n<td><strong><a href=\"https:\/\/ra-goldmaier.de\/\" target=\"_blank\" rel=\"noopener\">Rechtsanwalt Goldmaier<\/a>, Neustadt an der Weinstra\u00dfe<br \/>\n<\/strong><a href=\"https:\/\/ra-goldmaier.de\/\"><img decoding=\"async\" class=\"wp-image-2336 aligncenter\" src=\"https:\/\/www.j-lawyer.org\/wp-content\/uploads\/LogoRAGolmaier.png\" alt=\"\" \/><\/a>Rechtsanwalt Michael Goldmaier ist bundesweit t\u00e4tig im Allgemeinen Zivilrecht, Vertragsrecht, IT- und Urheberrecht. Die Kanzlei setzt auf weitestgehend digitalisierte Arbeitsabl\u00e4ufe, zeitgem\u00e4\u00dfe Kommunikationsmittel und Datenaustausch.<\/td>\n<td>Die Kanzlei hat einen Teil des Funktionsumfangs der j-lawyer.org Version 2.2 gesponsort (im Sinne einer Auftragsentwicklung), bei gleichzeitigem Wunsch die Arbeitsergebnisse vollst\u00e4ndig Open Source zur Verf\u00fcgung zu stellen.<\/td>\n<\/tr>\n<tr>\n<td><strong><a title=\"Kanzlei Schraeder, D\u00fclmen\" href=\"http:\/\/www.kanzlei-albstadt.de\" target=\"_blank\" rel=\"noopener noreferrer\">Kanzlei Albstadt<\/a>, Albstadt Ebingen<\/strong><strong><br \/>\n<a href=\"http:\/\/www.kanzlei-albstadt.de\"><img loading=\"lazy\" decoding=\"async\" class=\"wp-image-2336 alignleft\" src=\"https:\/\/www.j-lawyer.org\/wp-content\/uploads\/kanzlei-albstadt-logo-300x186.jpg\" alt=\"\" width=\"227\" height=\"141\" srcset=\"https:\/\/www.j-lawyer.org\/wp-content\/uploads\/kanzlei-albstadt-logo-300x186.jpg 300w, https:\/\/www.j-lawyer.org\/wp-content\/uploads\/kanzlei-albstadt-logo-768x476.jpg 768w, https:\/\/www.j-lawyer.org\/wp-content\/uploads\/kanzlei-albstadt-logo.jpg 971w\" sizes=\"auto, (max-width: 227px) 100vw, 227px\" \/><\/a><br \/>\n<\/strong>Die Rechts- und Fachanw\u00e4lte der Anwaltskanzlei Kn\u00f6pfler, Meboldt, Tosun, Remmlinger haben es sich zum Ziel gesetzt, ihre Mandanten umfassend zu betreuen, ganz gleich ob es sich um Privatpersonen oder um Unternehmen handelt.<a href=\"http:\/\/www.kanzlei-albstadt.de\" target=\"_blank\" rel=\"noopener noreferrer\">kanzlei-albstadt.de<\/a> | <a href=\"http:\/\/www.mietrecht-albstadt.de\" target=\"_blank\" rel=\"noopener noreferrer\">mietrecht-albstadt.de<\/a> | <a href=\"http:\/\/www.fachanwalt-albstadt.de\" target=\"_blank\" rel=\"noopener noreferrer\">fachanwalt-albstadt.de<\/a><\/td>\n<td>Die Kanzlei hat einen Teil des Funktionsumfangs der j-lawyer.org Version 1.9.1 gesponsort (im Sinne einer Auftragsentwicklung), bei gleichzeitigem Wunsch die Arbeitsergebnisse vollst\u00e4ndig Open Source zur Verf\u00fcgung zu stellen.<\/td>\n<\/tr>\n<tr>\n<td><strong><a title=\"Kanzlei Schraeder, D\u00fclmen\" href=\"http:\/\/kanzlei-schraeder.de\" target=\"_blank\" rel=\"noopener noreferrer\">Kanzlei Schraeder<\/a>, D\u00fclmen<\/strong><strong><br \/>\n<\/strong><\/td>\n<td>Tatkr\u00e4ftige Unterst\u00fctzung durch (1) Analysen und Tests zur Portierung des j-lawyer.org Clients auf Mac OS X, (2) Installation und Test des j-lawyer.org Servers auf Mac OS X inklusive Erstellung einer Installationsanleitung sowie (3) Erarbeiten einer Anleitung zum Setup des j-lawyer.org Servers als Dienst unter Linux.<\/td>\n<\/tr>\n<tr>\n<td><strong><a title=\"Rechtsanw\u00e4lting Julia Gertz\" href=\"http:\/\/www.juliagertz.de\/\" target=\"_blank\" rel=\"noopener noreferrer\">Rechtsanw\u00e4ltin Julia Gertz<\/a>, Siegen<br \/>\n<\/strong>Spezialistin f\u00fcr IT-Recht f\u00fcr Unternehmen und IT-Freelancer<\/td>\n<td>Finanzielle Unterst\u00fctzung sowie Bereitstellen von Testinfrastruktur\/Testumgebung f\u00fcr einen Teil der j-lawyer.org Version 1.7.<\/td>\n<\/tr>\n<tr>\n<td><strong><a title=\"Rechtsanwalt Florian Paintner\" href=\"https:\/\/www.tysk-rett.com\/\" target=\"_blank\" rel=\"noopener noreferrer\">Rechtsanwalt Florian Paintner<\/a>, Landshut<br \/>\n<\/strong>Spezialist f\u00fcr den deutsch\u2013norwegischen Rechtsverkehr<\/td>\n<td>Sponsoring eines Teiles der E-Rechnungsfunktionalit\u00e4t in Version 3.0.<\/td>\n<\/tr>\n<\/tbody>\n<\/table>\n","protected":false},"excerpt":{"rendered":"<p>Besonderer Dank gilt den folgenden Unterst\u00fctzern: Unterst\u00fctzer Beitrag Anwaltskanzlei Haupt, Riesa Kanzlei f\u00fcr Verkehrsrecht, Familienrecht, Erbrecht, Arbeitsrecht, Allgemeines Zivilrecht, Mietrecht, Strafrecht. Kontaktinformationen auf der Website. Fortlaufende Unterst\u00fctzung bei der inhaltlichen Konzeption, regelm\u00e4\u00dfige Durchf\u00fchrung von Tests (Vorabversionen). ej-technologies GmbH, M\u00fcnchen Kostenlose Lizenzen f\u00fcr install4j, einem Multi-Platform Java Installer Builder Haag Rechtsanw\u00e4lte, Wermelskirchen Seit \u00fcber 80 Jahren [&hellip;]<\/p>\n","protected":false},"author":5,"featured_media":0,"parent":1034,"menu_order":0,"comment_status":"open","ping_status":"open","template":"","meta":{"_bbp_topic_count":0,"_bbp_reply_count":0,"_bbp_total_topic_count":0,"_bbp_total_reply_count":0,"_bbp_voice_count":0,"_bbp_anonymous_reply_count":0,"_bbp_topic_count_hidden":0,"_bbp_reply_count_hidden":0,"_bbp_forum_subforum_count":0,"footnotes":""},"class_list":["post-398","page","type-page","status-publish","czr-hentry"],"_links":{"self":[{"href":"https:\/\/www.j-lawyer.org\/index.php?rest_route=\/wp\/v2\/pages\/398","targetHints":{"allow":["GET"]}}],"collection":[{"href":"https:\/\/www.j-lawyer.org\/index.php?rest_route=\/wp\/v2\/pages"}],"about":[{"href":"https:\/\/www.j-lawyer.org\/index.php?rest_route=\/wp\/v2\/types\/page"}],"author":[{"embeddable":true,"href":"https:\/\/www.j-lawyer.org\/index.php?rest_route=\/wp\/v2\/users\/5"}],"replies":[{"embeddable":true,"href":"https:\/\/www.j-lawyer.org\/index.php?rest_route=%2Fwp%2Fv2%2Fcomments&post=398"}],"version-history":[{"count":39,"href":"https:\/\/www.j-lawyer.org\/index.php?rest_route=\/wp\/v2\/pages\/398\/revisions"}],"predecessor-version":[{"id":6568,"href":"https:\/\/www.j-lawyer.org\/index.php?rest_route=\/wp\/v2\/pages\/398\/revisions\/6568"}],"up":[{"embeddable":true,"href":"https:\/\/www.j-lawyer.org\/index.php?rest_route=\/wp\/v2\/pages\/1034"}],"wp:attachment":[{"href":"https:\/\/www.j-lawyer.org\/index.php?rest_route=%2Fwp%2Fv2%2Fmedia&parent=398"}],"curies":[{"name":"wp","href":"https:\/\/api.w.org\/{rel}","templated":true}]}}