{"id":4739,"date":"2022-01-23T22:22:04","date_gmt":"2022-01-23T21:22:04","guid":{"rendered":"https:\/\/www.j-lawyer.org\/?page_id=4739"},"modified":"2022-01-23T22:34:23","modified_gmt":"2022-01-23T21:34:23","slug":"entscheidungshilfe-fuer-versand-via-bea","status":"publish","type":"page","link":"https:\/\/www.j-lawyer.org\/?page_id=4739","title":{"rendered":"Entscheidungshilfe f\u00fcr Versand via beA"},"content":{"rendered":"\n<p>Von Nutzern des besonderen elektronischen Anwaltspostfaches werden regelm\u00e4\u00dfig Fragen zur Nutzung der einfachen oder qualifizierten elektronischen Signatur an uns herangetragen. <\/p>\n\n\n\n<p>Bei arbeitsteiliger Vorgehensweise &#8211; bspw. wenn Anwalt \/ Anw\u00e4ltin nicht selbst versendet &#8211; ist in der Regel eine qualifizierte elektronische Signatur zu nutzen. Insbesondere f\u00fcr selbstversendende Berufstr\u00e4ger hat die Nutzung eines Softwarezertifikates (also der einfachen Signatur) jedoch erhebliche zeitliche Vorteile, verbunden mit einem h\u00f6heren Nutzungskomfort. Zu diesem Zweck ist die Kenntnis der Regelungen bzgl. der Signaturen unerl\u00e4sslich. <\/p>\n\n\n\n<p>Wir (Anw\u00e4lte und Entwickler aus der j-lawyer.org-Anwenderschaft) haben zu diesem Zweck eine Entscheidungshilfe erarbeitet. Es gilt eine Creative Commons-Lizenz (<a rel=\"noreferrer noopener\" href=\"https:\/\/creativecommons.org\/licenses\/by-nc-sa\/4.0\/\" target=\"_blank\">CC-BY-NC-SA<\/a>), die eine kommerzielle Nutzung untersagt, jedoch eine Bearbeitung und Weitergabe unter gleicher Lizenz und mit Nennung des Urhebers erlaubt.<\/p>\n\n\n\n<p><strong>Die Nutzung des Dokumentes geschieht auf eigene Gefahr. <\/strong>\u00c4nderungsw\u00fcnsche \/ Kommentare gern direkt hier hinterlassen oder per E-Mail an die Adresse im Impressum senden.<\/p>\n\n\n\n<p><a href=\"\/downloads\/bea-qes\/j-lawyer-org-bea-qes.pdf\" target=\"_blank\" rel=\"noreferrer noopener\">beA qeS-Entscheidungshilfe als PDF<\/a><\/p>\n\n\n\n<p><a href=\"\/downloads\/bea-qes\/j-lawyer-org-bea-qes.svg\" target=\"_blank\" rel=\"noreferrer noopener\">beA qeS-Entscheidungshilfe als SVG<\/a><\/p>\n\n\n\n<p><iframe loading=\"lazy\" src=\"\/downloads\/bea-qes\/j-lawyer-org-bea-qes.html\" width=\"100%\" height=\"500\" frameborder=\"0\"><\/iframe><\/p>\n","protected":false},"excerpt":{"rendered":"<p>Entscheidungshilfe f\u00fcr den Versand von Schrifts\u00e4tzen mit einfacher oder qualifizierter elektronischer Signatur (qeS) \u00fcber das besondere elektronische Anwaltspostfach (beA)<\/p>\n","protected":false},"author":5,"featured_media":4740,"parent":8,"menu_order":0,"comment_status":"open","ping_status":"closed","template":"","meta":{"_bbp_topic_count":0,"_bbp_reply_count":0,"_bbp_total_topic_count":0,"_bbp_total_reply_count":0,"_bbp_voice_count":0,"_bbp_anonymous_reply_count":0,"_bbp_topic_count_hidden":0,"_bbp_reply_count_hidden":0,"_bbp_forum_subforum_count":0,"footnotes":""},"class_list":["post-4739","page","type-page","status-publish","has-post-thumbnail","czr-hentry"],"_links":{"self":[{"href":"https:\/\/www.j-lawyer.org\/index.php?rest_route=\/wp\/v2\/pages\/4739","targetHints":{"allow":["GET"]}}],"collection":[{"href":"https:\/\/www.j-lawyer.org\/index.php?rest_route=\/wp\/v2\/pages"}],"about":[{"href":"https:\/\/www.j-lawyer.org\/index.php?rest_route=\/wp\/v2\/types\/page"}],"author":[{"embeddable":true,"href":"https:\/\/www.j-lawyer.org\/index.php?rest_route=\/wp\/v2\/users\/5"}],"replies":[{"embeddable":true,"href":"https:\/\/www.j-lawyer.org\/index.php?rest_route=%2Fwp%2Fv2%2Fcomments&post=4739"}],"version-history":[{"count":4,"href":"https:\/\/www.j-lawyer.org\/index.php?rest_route=\/wp\/v2\/pages\/4739\/revisions"}],"predecessor-version":[{"id":4748,"href":"https:\/\/www.j-lawyer.org\/index.php?rest_route=\/wp\/v2\/pages\/4739\/revisions\/4748"}],"up":[{"embeddable":true,"href":"https:\/\/www.j-lawyer.org\/index.php?rest_route=\/wp\/v2\/pages\/8"}],"wp:featuredmedia":[{"embeddable":true,"href":"https:\/\/www.j-lawyer.org\/index.php?rest_route=\/wp\/v2\/media\/4740"}],"wp:attachment":[{"href":"https:\/\/www.j-lawyer.org\/index.php?rest_route=%2Fwp%2Fv2%2Fmedia&parent=4739"}],"curies":[{"name":"wp","href":"https:\/\/api.w.org\/{rel}","templated":true}]}}