{"id":93,"date":"2012-05-12T15:58:57","date_gmt":"2012-05-12T15:58:57","guid":{"rendered":"http:\/\/www.j-lawyer.org\/?page_id=93"},"modified":"2024-03-01T22:54:19","modified_gmt":"2024-03-01T21:54:19","slug":"installationsanleitung-linux","status":"publish","type":"page","link":"https:\/\/www.j-lawyer.org\/?page_id=93","title":{"rendered":"Installation Linux"},"content":{"rendered":"\n            <style>\n                #mica_ecta_1.mica_ecta_layout{\n                    padding-top: 20px !important;\n                    padding-bottom: 20px !important;\n                    padding-left: 30px !important;\n                    padding-right: 30px !important;\n                    border-radius: 10px !important;\n                    background-color: #0e72b5 !important;\n                    text-align: left !important;\n                }\n\n                #mica_ecta_1 .mica_ecta_title{\n                    font-size: 28px !important;\n                    font-weight: 700 !important;\n                    color: #97bf0d !important;\n                    line-height: 1.3 !important;\n                    margin-top: 0 !important;\n                    margin-bottom: 0.5rem !important;\n                }\n\n                #mica_ecta_1 .mica_ecta_text{\n                    font-size: 16px !important;\n                    font-weight: 400 !important;\n                    color: #ffffff !important;\n                    line-height: 1.5 !important;\n                    margin-top: 0 !important;\n                    margin-bottom: 1rem !important;\n                }\n                \n                #mica_ecta_1 .mica_ecta_btn{\n                    font-size: 16px !important;\n                    font-weight: 700 !important;\n                    color: #1b1b1b !important;\n                    background-color: #97bf0d !important;\n                    padding-top: 8px !important;\n                    padding-bottom: 8px !important;\n                    padding-left: 16px !important;\n                    padding-right: 16px !important;\n                    border-radius: 6px !important;\n                    text-decoration: none !important;\n                    outline: none !important;\n                    transition: all 0.3s ease !important;\n                    margin-top: 5px !important;\n                    display: inline-block !important;\n                }\n                \n                #mica_ecta_1 .mica_ecta_btn:hover{\n                    color: #ffffff !important;\n                    background-color: #de313b !important;\n                }\n            <\/style>\n            <div id='mica_ecta_1' class='mica_ecta_layout'><h3 class='mica_ecta_title'>j-lawyer.org in der Cloud ausprobieren<\/h3><p class='mica_ecta_text'>Sie k\u00f6nnen j-lawyer.org selbst betreiben - oder Sie lassen uns das machen. Wir sind die j-lawyer-Experten!\r\n\u2713Hosting in Deutschland     \u2713Support     \u2713einfach und sicher<\/p><a href='https:\/\/j-lawyer.cloud\/cloudzugang-anfordern\/' class='mica_ecta_btn' >Kostenlos testen<\/a><\/div>\n<p><span style=\"color: #339966;\"><strong>Installations-Service:<\/strong><\/span> wenn Sie j-lawyer.org installieren lassen m\u00f6chten oder anderweitigen Beratungsbedarf haben, finden Sie hier entsprechende Kontakte und <a href=\"http:\/\/www.j-lawyer.org\/?page_id=1119\">Dienstleistungen rund um j-lawyer.org<\/a>.<\/p>\n<p><strong>Hinweis:<\/strong> Stellen Sie sicher da\u00df Ihr System die <a href=\"http:\/\/www.j-lawyer.org\/?page_id=88\">Mindestvoraussetzungen<\/a> erf\u00fcllt. Diese Anleitung ist g\u00fcltig f\u00fcr j-lawyer.org ab Version 2.6.<\/p>\n<p>Die Installation gliedert sich in zwei Teile: (1) einem Server, der im Hintergrund l\u00e4uft, f\u00fcr die zentrale Datenhaltung zust\u00e4ndig ist und einen Gro\u00dfteil der &#8222;Arbeit&#8220; \u00fcbernimmt und (2) eine oder mehrere Installationen des Clients, dem eigentlichen Programm das vom Endanwender gestartet und bedient wird. Der Client verbindet sich dazu mit dem Server.<\/p>\n<p>Beide Komponenten werden grunds\u00e4tzlich ben\u00f6tigt, auch bei Einzelplatzinstallationen &#8211; dann befinden sich beide Teile auf dem selben Ger\u00e4t. In einem Netzwerk mit mehreren Nutzern gibt es in der Regel genau eine Serverinstallation und mehrere Clients.<\/p>\n<p><strong>Inhalt:<\/strong><\/p>\n<ol>\n<li><a href=\"#install-server\">Installationsanleitung Server<\/a><\/li>\n<li><a href=\"#install-client\">Installationsanleitung Client<\/a><\/li>\n<\/ol>\n<p><strong><a name=\"install-server\"><\/a>Installation des j-lawyer &#8211; Servers auf Linux-Systemen<\/strong><\/p>\n<p>Diese Anleitung ist g\u00fcltig f\u00fcr alle aktuellen Debian- und Ubuntu-basierten Systeme in 64 Bit.<\/p>\n<p>(1) MariaDB installieren (sofern noch nicht vorhanden) via Konsole<\/p>\n<p><strong>Ubuntu<\/strong> &amp; Ubuntu-basierende Distributionen:<\/p>\n<ul>\n<li>\n<pre>sudo apt install mariadb-server mariadb-client<\/pre>\n<pre>sudo systemctl start mariadb<\/pre>\n<pre>sudo systemctl enable mariadb<\/pre>\n<pre>sudo mysql_secure_installation<\/pre>\n<\/li>\n<\/ul>\n<p>Nach dem Ausf\u00fchren des letzten Befehls werden eine Reihe von Informationen abgefragt, unter anderem auch das neu zu vergebende Passwort f\u00fcr den Datenbanknutzer &#8222;root&#8220;. Bitte wie folgt beantworten (&#8222;geheimesPasswort&#8220; nat\u00fcrlich anpassen):<\/p>\n<pre>Enter current password for root (enter for none): Enter\nSwitch to unix_socket authentication [Y\/n]: n\nSet root password? [Y\/n]: Y\nNew password: geheimesPasswort\nRe-enter new password: geheimesPasswort\nRemove anonymous users? [Y\/n]: Y\nDisallow root login remotely? [Y\/n]: Y\nRemove test database and access to it? [Y\/n]: Y\nReload privilege tables now? [Y\/n]: Y<\/pre>\n<p>Nun kann abschliessend ein MariaDB-Login mit dem neuen Passwort getestet werden:<\/p>\n<pre>sudo mysql -u root -p\n\n<\/pre>\n<p>Nach erfolgreichem Login den MariaDB-Client beenden:<\/p>\n<pre>quit;<\/pre>\n<p>(2) j-lawyer.org Server-Installer ausf\u00fchren (Dateinamen entsprechend j-lawyer.org Version anpassen)<\/p>\n<p>Zun\u00e4chst ist der <a href=\"https:\/\/www.j-lawyer.org\/?page_id=1491\">Installer aus dem Downloadbereich<\/a> auf das Zielsystem zu kopieren.<\/p>\n<ul>\n<li>\n<pre>chmod a+x j-lawyer-server_unix_x_y.sh<\/pre>\n<\/li>\n<li>\n<pre>sudo .\/j-lawyer-server_unix_x_y.sh<\/pre>\n<\/li>\n<\/ul>\n<p>(3) Start des Servers<\/p>\n<ul>\n<li>Bei Installation als Dienst: nach erfolgreicher Installation l\u00e4uft der Dienst bereits. Der Dienst kann mit &#8222;sudo service j-lawyer-server stop&#8220; gestoppt und mit &#8222;sudo service j-lawyer-server start&#8220; gestartet werden. Zur Ausf\u00fchrung des Diensts hat der Installer einen separaten Nutzer &#8222;j-lawyer-server&#8220; erstellt, welcher \u00fcber kein Home-Verzeichnis verf\u00fcgt und nur f\u00fcr das Ausf\u00fchren des Dienstes genutzt werden sollte.<\/li>\n<li>Bei manuellem Start\/Stopp empfiehlt sich das Anlegen eines eigenen Systemnutzers zur Ausf\u00fchrung:<\/li>\n<\/ul>\n<pre>sudo mkdir -p \/var\/log\/j-lawyer-server\nsudo useradd --system j-lawyer-server\nsudo chown -R j-lawyer-server:j-lawyer-server \/opt\/j-lawyer-server\nsudo chown -R j-lawyer-server:j-lawyer-server \/var\/log\/j-lawyer-server<\/pre>\n<p style=\"padding-left: 30px;\">Anschliessend &#8222;sudo -u j-lawyer-server sh start-server.sh&#8220; im Verzeichnis \/opt\/j-lawyer-server (oder anderes bei der Installation gew\u00e4hltes Verzeichnis) ausf\u00fchren, Herunterfahren durch Abbrechen des Prozesses mit Strg+C.<\/p>\n<p>Der j-lawyer Server muss w\u00e4hrend der Nutzung der j-lawyer Clients gestartet sein und bleiben.<\/p>\n<p><strong><a name=\"install-client\"><\/a>Installation des j-lawyer &#8211; Clients auf Linux-Systemen<\/strong><\/p>\n<p>Hinweis: LibreOffice sollte Bestandteil der Standardinstallation sein. Anderenfalls gibt es eine <a href=\"http:\/\/wiki.ubuntuusers.de\/LibreOffice\" target=\"_blank\" rel=\"noopener noreferrer\">Anleitung im Ubuntu-Wiki<\/a>.<\/p>\n<p>(1) LibreOffice und unoconv installieren, sofern noch nicht vorhanden &#8211; \u00fcber Konsole:<\/p>\n<ul>\n<li>\n<pre class=\"notranslate\">sudo apt-get install libreoffice libreoffice-l10n-de libreoffice-help-de<\/pre>\n<\/li>\n<li>\n<pre class=\"notranslate\">sudo apt-get install unoconv<\/pre>\n<\/li>\n<\/ul>\n<p>(2) j-lawyer.org Client-Installer ausf\u00fchren (Dateinamen entsprechend j-lawyer.org Version anpassen)<\/p>\n<ul>\n<li>\n<pre>chmod a+x j-lawyer-client_unix_x_y_0.sh<\/pre>\n<\/li>\n<li>\n<pre>.\/j-lawyer-client_unix_x_y_0.sh (in Konsole) oder Datei im Dateimanager klicken<\/pre>\n<\/li>\n<\/ul>\n<p>(3) j-lawyer.org Client \u00fcber Desktop-Verkn\u00fcpfung starten (<span style=\"color: #008000;\"><strong>Hinweis:<\/strong> <\/span>unter &#8222;Verbindung&#8220; im Login-Dialog bei beiden Portangaben 8080 eintragen), Pr\u00fcfen ob Applikation korrekt startet<\/p>\n<p>Es sind zwei Nutzer voreingestellt:<\/p>\n<ul>\n<li>Administrator mit Nutzername &#8222;admin&#8220; und Passwort &#8222;a&#8220;<\/li>\n<li>Nutzer mit Nutzername &#8222;user&#8220; und Passwort &#8222;u&#8220;<\/li>\n<\/ul>\n<p>(4) Einstellungen<\/p>\n<p>Folgen Sie der <a title=\"Kurzanleitung\" href=\"http:\/\/www.j-lawyer.org\/?page_id=32\">Kurzanleitung<\/a>, um die wichtigsten Einstellungen vorzunehmen.<\/p>\n","protected":false},"excerpt":{"rendered":"<p>Installations-Service: wenn Sie j-lawyer.org installieren lassen m\u00f6chten oder anderweitigen Beratungsbedarf haben, finden Sie hier entsprechende Kontakte und Dienstleistungen rund um j-lawyer.org. Hinweis: Stellen Sie sicher da\u00df Ihr System die Mindestvoraussetzungen erf\u00fcllt. Diese Anleitung ist g\u00fcltig f\u00fcr j-lawyer.org ab Version 2.6. Die Installation gliedert sich in zwei Teile: (1) einem Server, der im Hintergrund l\u00e4uft, f\u00fcr [&hellip;]<\/p>\n","protected":false},"author":1,"featured_media":0,"parent":88,"menu_order":0,"comment_status":"open","ping_status":"open","template":"","meta":{"_bbp_topic_count":0,"_bbp_reply_count":0,"_bbp_total_topic_count":0,"_bbp_total_reply_count":0,"_bbp_voice_count":0,"_bbp_anonymous_reply_count":0,"_bbp_topic_count_hidden":0,"_bbp_reply_count_hidden":0,"_bbp_forum_subforum_count":0,"footnotes":""},"class_list":["post-93","page","type-page","status-publish","czr-hentry"],"_links":{"self":[{"href":"https:\/\/www.j-lawyer.org\/index.php?rest_route=\/wp\/v2\/pages\/93","targetHints":{"allow":["GET"]}}],"collection":[{"href":"https:\/\/www.j-lawyer.org\/index.php?rest_route=\/wp\/v2\/pages"}],"about":[{"href":"https:\/\/www.j-lawyer.org\/index.php?rest_route=\/wp\/v2\/types\/page"}],"author":[{"embeddable":true,"href":"https:\/\/www.j-lawyer.org\/index.php?rest_route=\/wp\/v2\/users\/1"}],"replies":[{"embeddable":true,"href":"https:\/\/www.j-lawyer.org\/index.php?rest_route=%2Fwp%2Fv2%2Fcomments&post=93"}],"version-history":[{"count":55,"href":"https:\/\/www.j-lawyer.org\/index.php?rest_route=\/wp\/v2\/pages\/93\/revisions"}],"predecessor-version":[{"id":5912,"href":"https:\/\/www.j-lawyer.org\/index.php?rest_route=\/wp\/v2\/pages\/93\/revisions\/5912"}],"up":[{"embeddable":true,"href":"https:\/\/www.j-lawyer.org\/index.php?rest_route=\/wp\/v2\/pages\/88"}],"wp:attachment":[{"href":"https:\/\/www.j-lawyer.org\/index.php?rest_route=%2Fwp%2Fv2%2Fmedia&parent=93"}],"curies":[{"name":"wp","href":"https:\/\/api.w.org\/{rel}","templated":true}]}}